{"id":93,"date":"2025-03-10T09:32:53","date_gmt":"2025-03-10T09:32:53","guid":{"rendered":"https:\/\/www.testevita.com\/amz\/?page_id=93"},"modified":"2026-01-22T14:45:53","modified_gmt":"2026-01-22T14:45:53","slug":"elementor-page-93","status":"publish","type":"page","link":"https:\/\/arbeitsmedizin-hall.at\/index.php\/elementor-page-93\/","title":{"rendered":"Arbeitsmedizin"},"content":{"rendered":"\t\t<div data-elementor-type=\"wp-page\" data-elementor-id=\"93\" class=\"elementor elementor-93\" data-elementor-post-type=\"page\">\n\t\t\t\t\t\t<section class=\"elementor-section elementor-top-section elementor-element elementor-element-4e0b1df9 elementor-section-height-min-height elementor-section-boxed elementor-section-height-default elementor-section-items-middle\" data-id=\"4e0b1df9\" data-element_type=\"section\" data-settings=\"{&quot;background_background&quot;:&quot;classic&quot;}\">\n\t\t\t\t\t\t\t<div class=\"elementor-background-overlay\"><\/div>\n\t\t\t\t\t\t\t<div class=\"elementor-container elementor-column-gap-default\">\n\t\t\t\t\t<div class=\"elementor-column elementor-col-100 elementor-top-column elementor-element elementor-element-289f43fb\" data-id=\"289f43fb\" data-element_type=\"column\">\n\t\t\t<div class=\"elementor-widget-wrap elementor-element-populated\">\n\t\t\t\t\t\t<div class=\"elementor-element elementor-element-fe3d3c0 elementor-widget elementor-widget-heading\" data-id=\"fe3d3c0\" data-element_type=\"widget\" data-widget_type=\"heading.default\">\n\t\t\t\t<div class=\"elementor-widget-container\">\n\t\t\t\t\t<h1 class=\"elementor-heading-title elementor-size-default\">ARBEITSMEDIZIN<\/h1>\t\t\t\t<\/div>\n\t\t\t\t<\/div>\n\t\t\t\t\t<\/div>\n\t\t<\/div>\n\t\t\t\t\t<\/div>\n\t\t<\/section>\n\t\t\t\t<section class=\"elementor-section elementor-top-section elementor-element elementor-element-21c52c18 elementor-section-boxed elementor-section-height-default elementor-section-height-default\" data-id=\"21c52c18\" data-element_type=\"section\">\n\t\t\t\t\t\t<div class=\"elementor-container elementor-column-gap-default\">\n\t\t\t\t\t<div class=\"elementor-column elementor-col-50 elementor-top-column elementor-element elementor-element-5abef7bf\" data-id=\"5abef7bf\" data-element_type=\"column\">\n\t\t\t<div class=\"elementor-widget-wrap elementor-element-populated\">\n\t\t\t\t\t\t<section class=\"elementor-section elementor-inner-section elementor-element elementor-element-5c5b1a8 elementor-section-boxed elementor-section-height-default elementor-section-height-default\" data-id=\"5c5b1a8\" data-element_type=\"section\">\n\t\t\t\t\t\t<div class=\"elementor-container elementor-column-gap-default\">\n\t\t\t\t\t<div class=\"elementor-column elementor-col-50 elementor-inner-column elementor-element elementor-element-67482444 elementor-hidden-mobile\" data-id=\"67482444\" data-element_type=\"column\">\n\t\t\t<div class=\"elementor-widget-wrap elementor-element-populated\">\n\t\t\t\t\t\t<div class=\"elementor-element elementor-element-19c7b965 animated-slow elementor-invisible elementor-widget elementor-widget-image\" data-id=\"19c7b965\" data-element_type=\"widget\" data-settings=\"{&quot;_animation&quot;:&quot;fadeInUp&quot;}\" data-widget_type=\"image.default\">\n\t\t\t\t<div class=\"elementor-widget-container\">\n\t\t\t\t\t\t\t\t\t\t\t\t\t\t\t<img fetchpriority=\"high\" decoding=\"async\" width=\"1024\" height=\"683\" src=\"https:\/\/arbeitsmedizin-hall.at\/wp-content\/uploads\/2025\/03\/AMZ-Aussenansicht-Fotografin-Christina-Gaio_MG_4113.jpg\" class=\"attachment-full size-full wp-image-1168\" alt=\"\" srcset=\"https:\/\/arbeitsmedizin-hall.at\/wp-content\/uploads\/2025\/03\/AMZ-Aussenansicht-Fotografin-Christina-Gaio_MG_4113.jpg 1024w, https:\/\/arbeitsmedizin-hall.at\/wp-content\/uploads\/2025\/03\/AMZ-Aussenansicht-Fotografin-Christina-Gaio_MG_4113-300x200.jpg 300w, https:\/\/arbeitsmedizin-hall.at\/wp-content\/uploads\/2025\/03\/AMZ-Aussenansicht-Fotografin-Christina-Gaio_MG_4113-768x512.jpg 768w\" sizes=\"(max-width: 1024px) 100vw, 1024px\" \/>\t\t\t\t\t\t\t\t\t\t\t\t\t\t\t<\/div>\n\t\t\t\t<\/div>\n\t\t\t\t\t<\/div>\n\t\t<\/div>\n\t\t\t\t<div class=\"elementor-column elementor-col-50 elementor-inner-column elementor-element elementor-element-737d5381\" data-id=\"737d5381\" data-element_type=\"column\">\n\t\t\t<div class=\"elementor-widget-wrap elementor-element-populated\">\n\t\t\t\t\t\t<div class=\"elementor-element elementor-element-1c724bfc animated-slow elementor-invisible elementor-widget elementor-widget-image\" data-id=\"1c724bfc\" data-element_type=\"widget\" data-settings=\"{&quot;_animation&quot;:&quot;fadeInUp&quot;,&quot;_animation_delay&quot;:120}\" data-widget_type=\"image.default\">\n\t\t\t\t<div class=\"elementor-widget-container\">\n\t\t\t\t\t\t\t\t\t\t\t\t\t\t\t<img decoding=\"async\" width=\"1200\" height=\"1200\" src=\"https:\/\/arbeitsmedizin-hall.at\/wp-content\/uploads\/2025\/08\/Bernadette-NEU-KLEIN-2-1200x1200-1.jpg\" class=\"attachment-full size-full wp-image-284\" alt=\"\" srcset=\"https:\/\/arbeitsmedizin-hall.at\/wp-content\/uploads\/2025\/08\/Bernadette-NEU-KLEIN-2-1200x1200-1.jpg 1200w, https:\/\/arbeitsmedizin-hall.at\/wp-content\/uploads\/2025\/08\/Bernadette-NEU-KLEIN-2-1200x1200-1-300x300.jpg 300w, https:\/\/arbeitsmedizin-hall.at\/wp-content\/uploads\/2025\/08\/Bernadette-NEU-KLEIN-2-1200x1200-1-1024x1024.jpg 1024w, https:\/\/arbeitsmedizin-hall.at\/wp-content\/uploads\/2025\/08\/Bernadette-NEU-KLEIN-2-1200x1200-1-150x150.jpg 150w, https:\/\/arbeitsmedizin-hall.at\/wp-content\/uploads\/2025\/08\/Bernadette-NEU-KLEIN-2-1200x1200-1-768x768.jpg 768w\" sizes=\"(max-width: 1200px) 100vw, 1200px\" \/>\t\t\t\t\t\t\t\t\t\t\t\t\t\t\t<\/div>\n\t\t\t\t<\/div>\n\t\t\t\t\t<\/div>\n\t\t<\/div>\n\t\t\t\t\t<\/div>\n\t\t<\/section>\n\t\t\t\t<section class=\"elementor-section elementor-inner-section elementor-element elementor-element-783020d9 elementor-section-boxed elementor-section-height-default elementor-section-height-default\" data-id=\"783020d9\" data-element_type=\"section\">\n\t\t\t\t\t\t<div class=\"elementor-container elementor-column-gap-default\">\n\t\t\t\t\t<div class=\"elementor-column elementor-col-100 elementor-inner-column elementor-element elementor-element-9fab0b8\" data-id=\"9fab0b8\" data-element_type=\"column\" data-settings=\"{&quot;background_background&quot;:&quot;classic&quot;}\">\n\t\t\t<div class=\"elementor-widget-wrap elementor-element-populated\">\n\t\t\t\t\t\t<div class=\"elementor-element elementor-element-32902330 elementor-widget elementor-widget-heading\" data-id=\"32902330\" data-element_type=\"widget\" data-widget_type=\"heading.default\">\n\t\t\t\t<div class=\"elementor-widget-container\">\n\t\t\t\t\t<h6 class=\"elementor-heading-title elementor-size-default\">Dr. Bernadette Trenkwalder<\/br>Leiterin Arbeitsmedizin, Fach\u00e4rztin f\u00fcr Arbeitsmedizin\n\n<\/h6>\t\t\t\t<\/div>\n\t\t\t\t<\/div>\n\t\t\t\t\t<\/div>\n\t\t<\/div>\n\t\t\t\t\t<\/div>\n\t\t<\/section>\n\t\t\t\t\t<\/div>\n\t\t<\/div>\n\t\t\t\t<div class=\"elementor-column elementor-col-50 elementor-top-column elementor-element elementor-element-36fbca29\" data-id=\"36fbca29\" data-element_type=\"column\">\n\t\t\t<div class=\"elementor-widget-wrap elementor-element-populated\">\n\t\t\t\t\t\t<div class=\"elementor-element elementor-element-79677ac6 elementor-widget elementor-widget-heading\" data-id=\"79677ac6\" data-element_type=\"widget\" data-widget_type=\"heading.default\">\n\t\t\t\t<div class=\"elementor-widget-container\">\n\t\t\t\t\t<p class=\"elementor-heading-title elementor-size-default\">ARBEITSMEDIZIN<\/p>\t\t\t\t<\/div>\n\t\t\t\t<\/div>\n\t\t\t\t<div class=\"elementor-element elementor-element-3aa2aaa6 elementor-widget__width-initial elementor-widget elementor-widget-heading\" data-id=\"3aa2aaa6\" data-element_type=\"widget\" data-widget_type=\"heading.default\">\n\t\t\t\t<div class=\"elementor-widget-container\">\n\t\t\t\t\t<h2 class=\"elementor-heading-title elementor-size-default\">\u201eDie Ziele der Arbeitsmedizin sind nur durch Gewissenhaftigkeit und Konsequenz zu erreichen.\u201c<\/h2>\t\t\t\t<\/div>\n\t\t\t\t<\/div>\n\t\t\t\t<div class=\"elementor-element elementor-element-5c7aa221 elementor-widget elementor-widget-text-editor\" data-id=\"5c7aa221\" data-element_type=\"widget\" data-widget_type=\"text-editor.default\">\n\t\t\t\t<div class=\"elementor-widget-container\">\n\t\t\t\t\t\t\t\t\t<p>Die Arbeitsmedizinerin, der Arbeitsmediziner muss Teil des Betriebes sein, wei\u00df Dr. Trenkwalder aus ihrer beruflichen Praxis. Langfristige Betreuung und Kontaktpflege schaffen die Vertrauensbasis, auf welcher auch unpopul\u00e4re Vorsorgethemen angesprochen werden k\u00f6nnen, wie Raucherentw\u00f6hnung oder Ver\u00e4nderungen des Lebensstils.<\/p><p>\u201eUnsere Kundinnen und Kunden k\u00f6nnen die Leistungen bei uns modular einkaufen: Ob jetzt das vorgeschriebene Grundpaket oder je nach Branche und besonderer Belastung spezifische Untersuchungen&#8220;, erl\u00e4utert Dr. Trenkwalder. \u201eIm B\u00fcrobetrieb liegt der Schwerpunkt wom\u00f6glich mehr im Feld der Arbeitspsychologie: Das erg\u00e4nzt sich alles, wir finden immer das passende Angebot.\u201c<\/p>\t\t\t\t\t\t\t\t<\/div>\n\t\t\t\t<\/div>\n\t\t\t\t<div class=\"elementor-element elementor-element-5cb6d51 elementor-widget elementor-widget-button\" data-id=\"5cb6d51\" data-element_type=\"widget\" data-widget_type=\"button.default\">\n\t\t\t\t<div class=\"elementor-widget-container\">\n\t\t\t\t\t\t\t\t\t<div class=\"elementor-button-wrapper\">\n\t\t\t\t\t<a class=\"elementor-button elementor-button-link elementor-size-sm\" href=\"https:\/\/arbeitsmedizin-hall.at\/index.php\/leistungen\/\">\n\t\t\t\t\t\t<span class=\"elementor-button-content-wrapper\">\n\t\t\t\t\t\t\t\t\t<span class=\"elementor-button-text\">MEHR ZU DEN LEISTUNGEN<\/span>\n\t\t\t\t\t<\/span>\n\t\t\t\t\t<\/a>\n\t\t\t\t<\/div>\n\t\t\t\t\t\t\t\t<\/div>\n\t\t\t\t<\/div>\n\t\t\t\t\t<\/div>\n\t\t<\/div>\n\t\t\t\t\t<\/div>\n\t\t<\/section>\n\t\t\t\t<\/div>\n\t\t","protected":false},"excerpt":{"rendered":"<p>ARBEITSMEDIZIN Dr. Bernadette TrenkwalderLeiterin Arbeitsmedizin, Fach\u00e4rztin f\u00fcr Arbeitsmedizin ARBEITSMEDIZIN \u201eDie Ziele der Arbeitsmedizin sind nur durch Gewissenhaftigkeit und Konsequenz zu erreichen.\u201c Die Arbeitsmedizinerin, der Arbeitsmediziner muss Teil des Betriebes sein, wei\u00df Dr. Trenkwalder aus ihrer beruflichen Praxis. Langfristige Betreuung und Kontaktpflege schaffen die Vertrauensbasis, auf welcher auch unpopul\u00e4re Vorsorgethemen angesprochen werden k\u00f6nnen, wie Raucherentw\u00f6hnung oder [&hellip;]<\/p>\n","protected":false},"author":1,"featured_media":0,"parent":0,"menu_order":0,"comment_status":"closed","ping_status":"closed","template":"elementor_header_footer","meta":{"footnotes":""},"class_list":["post-93","page","type-page","status-publish","hentry"],"yoast_head":"<!-- This site is optimized with the Yoast SEO plugin v26.8 - https:\/\/yoast.com\/product\/yoast-seo-wordpress\/ -->\n<title>Arbeitsmedizin - Arbeitsmedizinisches Zentrum Hall in Tirol<\/title>\n<meta name=\"robots\" content=\"index, follow, max-snippet:-1, max-image-preview:large, max-video-preview:-1\" \/>\n<link rel=\"canonical\" href=\"https:\/\/arbeitsmedizin-hall.at\/index.php\/elementor-page-93\/\" \/>\n<meta property=\"og:locale\" content=\"de_DE\" \/>\n<meta property=\"og:type\" content=\"article\" \/>\n<meta property=\"og:title\" content=\"Arbeitsmedizin - Arbeitsmedizinisches Zentrum Hall in Tirol\" \/>\n<meta property=\"og:description\" content=\"ARBEITSMEDIZIN Dr. Bernadette TrenkwalderLeiterin Arbeitsmedizin, Fach\u00e4rztin f\u00fcr Arbeitsmedizin ARBEITSMEDIZIN \u201eDie Ziele der Arbeitsmedizin sind nur durch Gewissenhaftigkeit und Konsequenz zu erreichen.\u201c Die Arbeitsmedizinerin, der Arbeitsmediziner muss Teil des Betriebes sein, wei\u00df Dr. Trenkwalder aus ihrer beruflichen Praxis. Langfristige Betreuung und Kontaktpflege schaffen die Vertrauensbasis, auf welcher auch unpopul\u00e4re Vorsorgethemen angesprochen werden k\u00f6nnen, wie Raucherentw\u00f6hnung oder [&hellip;]\" \/>\n<meta property=\"og:url\" content=\"https:\/\/arbeitsmedizin-hall.at\/index.php\/elementor-page-93\/\" \/>\n<meta property=\"og:site_name\" content=\"Arbeitsmedizinisches Zentrum Hall in Tirol\" \/>\n<meta property=\"article:modified_time\" content=\"2026-01-22T14:45:53+00:00\" \/>\n<meta property=\"og:image\" content=\"https:\/\/arbeitsmedizin-hall.at\/wp-content\/uploads\/2025\/03\/AMZ-Aussenansicht-Fotografin-Christina-Gaio_MG_4113.jpg\" \/>\n\t<meta property=\"og:image:width\" content=\"1024\" \/>\n\t<meta property=\"og:image:height\" content=\"683\" \/>\n\t<meta property=\"og:image:type\" content=\"image\/jpeg\" \/>\n<meta name=\"twitter:card\" content=\"summary_large_image\" \/>\n<meta name=\"twitter:label1\" content=\"Gesch\u00e4tzte Lesezeit\" \/>\n\t<meta name=\"twitter:data1\" content=\"2 Minuten\" \/>\n<script type=\"application\/ld+json\" class=\"yoast-schema-graph\">{\"@context\":\"https:\/\/schema.org\",\"@graph\":[{\"@type\":\"WebPage\",\"@id\":\"https:\/\/arbeitsmedizin-hall.at\/index.php\/elementor-page-93\/\",\"url\":\"https:\/\/arbeitsmedizin-hall.at\/index.php\/elementor-page-93\/\",\"name\":\"Arbeitsmedizin - Arbeitsmedizinisches Zentrum Hall in Tirol\",\"isPartOf\":{\"@id\":\"https:\/\/arbeitsmedizin-hall.at\/#website\"},\"primaryImageOfPage\":{\"@id\":\"https:\/\/arbeitsmedizin-hall.at\/index.php\/elementor-page-93\/#primaryimage\"},\"image\":{\"@id\":\"https:\/\/arbeitsmedizin-hall.at\/index.php\/elementor-page-93\/#primaryimage\"},\"thumbnailUrl\":\"https:\/\/arbeitsmedizin-hall.at\/wp-content\/uploads\/2025\/03\/AMZ-Aussenansicht-Fotografin-Christina-Gaio_MG_4113.jpg\",\"datePublished\":\"2025-03-10T09:32:53+00:00\",\"dateModified\":\"2026-01-22T14:45:53+00:00\",\"breadcrumb\":{\"@id\":\"https:\/\/arbeitsmedizin-hall.at\/index.php\/elementor-page-93\/#breadcrumb\"},\"inLanguage\":\"de-AT\",\"potentialAction\":[{\"@type\":\"ReadAction\",\"target\":[\"https:\/\/arbeitsmedizin-hall.at\/index.php\/elementor-page-93\/\"]}]},{\"@type\":\"ImageObject\",\"inLanguage\":\"de-AT\",\"@id\":\"https:\/\/arbeitsmedizin-hall.at\/index.php\/elementor-page-93\/#primaryimage\",\"url\":\"https:\/\/arbeitsmedizin-hall.at\/wp-content\/uploads\/2025\/03\/AMZ-Aussenansicht-Fotografin-Christina-Gaio_MG_4113.jpg\",\"contentUrl\":\"https:\/\/arbeitsmedizin-hall.at\/wp-content\/uploads\/2025\/03\/AMZ-Aussenansicht-Fotografin-Christina-Gaio_MG_4113.jpg\",\"width\":1024,\"height\":683},{\"@type\":\"BreadcrumbList\",\"@id\":\"https:\/\/arbeitsmedizin-hall.at\/index.php\/elementor-page-93\/#breadcrumb\",\"itemListElement\":[{\"@type\":\"ListItem\",\"position\":1,\"name\":\"Startseite\",\"item\":\"https:\/\/arbeitsmedizin-hall.at\/\"},{\"@type\":\"ListItem\",\"position\":2,\"name\":\"Arbeitsmedizin\"}]},{\"@type\":\"WebSite\",\"@id\":\"https:\/\/arbeitsmedizin-hall.at\/#website\",\"url\":\"https:\/\/arbeitsmedizin-hall.at\/\",\"name\":\"Arbeitsmedizinisches Zentrum Hall in Tirol\",\"description\":\"\",\"publisher\":{\"@id\":\"https:\/\/arbeitsmedizin-hall.at\/#organization\"},\"potentialAction\":[{\"@type\":\"SearchAction\",\"target\":{\"@type\":\"EntryPoint\",\"urlTemplate\":\"https:\/\/arbeitsmedizin-hall.at\/?s={search_term_string}\"},\"query-input\":{\"@type\":\"PropertyValueSpecification\",\"valueRequired\":true,\"valueName\":\"search_term_string\"}}],\"inLanguage\":\"de-AT\"},{\"@type\":\"Organization\",\"@id\":\"https:\/\/arbeitsmedizin-hall.at\/#organization\",\"name\":\"Arbeitsmedizinisches Zentrum Hall in Tirol\",\"url\":\"https:\/\/arbeitsmedizin-hall.at\/\",\"logo\":{\"@type\":\"ImageObject\",\"inLanguage\":\"de-AT\",\"@id\":\"https:\/\/arbeitsmedizin-hall.at\/#\/schema\/logo\/image\/\",\"url\":\"https:\/\/arbeitsmedizin-hall.at\/wp-content\/uploads\/2025\/03\/2025_amz_logo-1.png\",\"contentUrl\":\"https:\/\/arbeitsmedizin-hall.at\/wp-content\/uploads\/2025\/03\/2025_amz_logo-1.png\",\"width\":842,\"height\":287,\"caption\":\"Arbeitsmedizinisches Zentrum Hall in Tirol\"},\"image\":{\"@id\":\"https:\/\/arbeitsmedizin-hall.at\/#\/schema\/logo\/image\/\"}}]}<\/script>\n<!-- \/ Yoast SEO plugin. -->","yoast_head_json":{"title":"Arbeitsmedizin - Arbeitsmedizinisches Zentrum Hall in Tirol","robots":{"index":"index","follow":"follow","max-snippet":"max-snippet:-1","max-image-preview":"max-image-preview:large","max-video-preview":"max-video-preview:-1"},"canonical":"https:\/\/arbeitsmedizin-hall.at\/index.php\/elementor-page-93\/","og_locale":"de_DE","og_type":"article","og_title":"Arbeitsmedizin - Arbeitsmedizinisches Zentrum Hall in Tirol","og_description":"ARBEITSMEDIZIN Dr. Bernadette TrenkwalderLeiterin Arbeitsmedizin, Fach\u00e4rztin f\u00fcr Arbeitsmedizin ARBEITSMEDIZIN \u201eDie Ziele der Arbeitsmedizin sind nur durch Gewissenhaftigkeit und Konsequenz zu erreichen.\u201c Die Arbeitsmedizinerin, der Arbeitsmediziner muss Teil des Betriebes sein, wei\u00df Dr. Trenkwalder aus ihrer beruflichen Praxis. Langfristige Betreuung und Kontaktpflege schaffen die Vertrauensbasis, auf welcher auch unpopul\u00e4re Vorsorgethemen angesprochen werden k\u00f6nnen, wie Raucherentw\u00f6hnung oder [&hellip;]","og_url":"https:\/\/arbeitsmedizin-hall.at\/index.php\/elementor-page-93\/","og_site_name":"Arbeitsmedizinisches Zentrum Hall in Tirol","article_modified_time":"2026-01-22T14:45:53+00:00","og_image":[{"width":1024,"height":683,"url":"https:\/\/arbeitsmedizin-hall.at\/wp-content\/uploads\/2025\/03\/AMZ-Aussenansicht-Fotografin-Christina-Gaio_MG_4113.jpg","type":"image\/jpeg"}],"twitter_card":"summary_large_image","twitter_misc":{"Gesch\u00e4tzte Lesezeit":"2 Minuten"},"schema":{"@context":"https:\/\/schema.org","@graph":[{"@type":"WebPage","@id":"https:\/\/arbeitsmedizin-hall.at\/index.php\/elementor-page-93\/","url":"https:\/\/arbeitsmedizin-hall.at\/index.php\/elementor-page-93\/","name":"Arbeitsmedizin - Arbeitsmedizinisches Zentrum Hall in Tirol","isPartOf":{"@id":"https:\/\/arbeitsmedizin-hall.at\/#website"},"primaryImageOfPage":{"@id":"https:\/\/arbeitsmedizin-hall.at\/index.php\/elementor-page-93\/#primaryimage"},"image":{"@id":"https:\/\/arbeitsmedizin-hall.at\/index.php\/elementor-page-93\/#primaryimage"},"thumbnailUrl":"https:\/\/arbeitsmedizin-hall.at\/wp-content\/uploads\/2025\/03\/AMZ-Aussenansicht-Fotografin-Christina-Gaio_MG_4113.jpg","datePublished":"2025-03-10T09:32:53+00:00","dateModified":"2026-01-22T14:45:53+00:00","breadcrumb":{"@id":"https:\/\/arbeitsmedizin-hall.at\/index.php\/elementor-page-93\/#breadcrumb"},"inLanguage":"de-AT","potentialAction":[{"@type":"ReadAction","target":["https:\/\/arbeitsmedizin-hall.at\/index.php\/elementor-page-93\/"]}]},{"@type":"ImageObject","inLanguage":"de-AT","@id":"https:\/\/arbeitsmedizin-hall.at\/index.php\/elementor-page-93\/#primaryimage","url":"https:\/\/arbeitsmedizin-hall.at\/wp-content\/uploads\/2025\/03\/AMZ-Aussenansicht-Fotografin-Christina-Gaio_MG_4113.jpg","contentUrl":"https:\/\/arbeitsmedizin-hall.at\/wp-content\/uploads\/2025\/03\/AMZ-Aussenansicht-Fotografin-Christina-Gaio_MG_4113.jpg","width":1024,"height":683},{"@type":"BreadcrumbList","@id":"https:\/\/arbeitsmedizin-hall.at\/index.php\/elementor-page-93\/#breadcrumb","itemListElement":[{"@type":"ListItem","position":1,"name":"Startseite","item":"https:\/\/arbeitsmedizin-hall.at\/"},{"@type":"ListItem","position":2,"name":"Arbeitsmedizin"}]},{"@type":"WebSite","@id":"https:\/\/arbeitsmedizin-hall.at\/#website","url":"https:\/\/arbeitsmedizin-hall.at\/","name":"Arbeitsmedizinisches Zentrum Hall in Tirol","description":"","publisher":{"@id":"https:\/\/arbeitsmedizin-hall.at\/#organization"},"potentialAction":[{"@type":"SearchAction","target":{"@type":"EntryPoint","urlTemplate":"https:\/\/arbeitsmedizin-hall.at\/?s={search_term_string}"},"query-input":{"@type":"PropertyValueSpecification","valueRequired":true,"valueName":"search_term_string"}}],"inLanguage":"de-AT"},{"@type":"Organization","@id":"https:\/\/arbeitsmedizin-hall.at\/#organization","name":"Arbeitsmedizinisches Zentrum Hall in Tirol","url":"https:\/\/arbeitsmedizin-hall.at\/","logo":{"@type":"ImageObject","inLanguage":"de-AT","@id":"https:\/\/arbeitsmedizin-hall.at\/#\/schema\/logo\/image\/","url":"https:\/\/arbeitsmedizin-hall.at\/wp-content\/uploads\/2025\/03\/2025_amz_logo-1.png","contentUrl":"https:\/\/arbeitsmedizin-hall.at\/wp-content\/uploads\/2025\/03\/2025_amz_logo-1.png","width":842,"height":287,"caption":"Arbeitsmedizinisches Zentrum Hall in Tirol"},"image":{"@id":"https:\/\/arbeitsmedizin-hall.at\/#\/schema\/logo\/image\/"}}]}},"_links":{"self":[{"href":"https:\/\/arbeitsmedizin-hall.at\/index.php\/wp-json\/wp\/v2\/pages\/93","targetHints":{"allow":["GET"]}}],"collection":[{"href":"https:\/\/arbeitsmedizin-hall.at\/index.php\/wp-json\/wp\/v2\/pages"}],"about":[{"href":"https:\/\/arbeitsmedizin-hall.at\/index.php\/wp-json\/wp\/v2\/types\/page"}],"author":[{"embeddable":true,"href":"https:\/\/arbeitsmedizin-hall.at\/index.php\/wp-json\/wp\/v2\/users\/1"}],"replies":[{"embeddable":true,"href":"https:\/\/arbeitsmedizin-hall.at\/index.php\/wp-json\/wp\/v2\/comments?post=93"}],"version-history":[{"count":3,"href":"https:\/\/arbeitsmedizin-hall.at\/index.php\/wp-json\/wp\/v2\/pages\/93\/revisions"}],"predecessor-version":[{"id":1772,"href":"https:\/\/arbeitsmedizin-hall.at\/index.php\/wp-json\/wp\/v2\/pages\/93\/revisions\/1772"}],"wp:attachment":[{"href":"https:\/\/arbeitsmedizin-hall.at\/index.php\/wp-json\/wp\/v2\/media?parent=93"}],"curies":[{"name":"wp","href":"https:\/\/api.w.org\/{rel}","templated":true}]}}