{"id":159,"date":"2025-08-12T06:50:04","date_gmt":"2025-08-12T06:50:04","guid":{"rendered":"https:\/\/www.testevita.com\/amz\/?page_id=159"},"modified":"2026-01-21T13:22:27","modified_gmt":"2026-01-21T13:22:27","slug":"datenschutz","status":"publish","type":"page","link":"https:\/\/arbeitsmedizin-hall.at\/index.php\/kontakt\/datenschutz\/","title":{"rendered":"DATENSCHUTZ"},"content":{"rendered":"\t\t<div data-elementor-type=\"wp-page\" data-elementor-id=\"159\" class=\"elementor elementor-159\" data-elementor-post-type=\"page\">\n\t\t\t\t<div class=\"elementor-element elementor-element-984156c e-flex e-con-boxed e-con e-parent\" data-id=\"984156c\" data-element_type=\"container\">\n\t\t\t\t\t<div class=\"e-con-inner\">\n\t\t\t\t<div class=\"elementor-element elementor-element-56f54bc elementor-widget elementor-widget-text-editor\" data-id=\"56f54bc\" data-element_type=\"widget\" data-widget_type=\"text-editor.default\">\n\t\t\t\t<div class=\"elementor-widget-container\">\n\t\t\t\t\t\t\t\t\t<p data-start=\"322\" data-end=\"401\"><strong data-start=\"322\" data-end=\"350\">Zuletzt aktualisiert am:<\/strong> 21. J\u00e4nner 2026<br data-start=\"366\" data-end=\"369\" \/><strong data-start=\"369\" data-end=\"383\">G\u00fcltig ab:<\/strong> 21. J\u00e4nner 2026<\/p><p data-start=\"403\" data-end=\"592\">Der Schutz Ihrer personenbezogenen Daten ist uns ein besonderes Anliegen. Wir verarbeiten Ihre Daten daher ausschlie\u00dflich auf Grundlage der gesetzlichen Bestimmungen (DSGVO, DSG, TKG 2021).<\/p><p data-start=\"594\" data-end=\"724\">Diese Datenschutzerkl\u00e4rung informiert Sie \u00fcber Art, Umfang und Zweck der Verarbeitung personenbezogener Daten auf unserer Website.<\/p><hr data-start=\"726\" data-end=\"729\" \/><h3 data-start=\"731\" data-end=\"755\">1. Verantwortlicher<\/h3><p data-start=\"757\" data-end=\"863\"><strong data-start=\"757\" data-end=\"808\">Arbeitsmedizinisches Zentrum Hall in Tirol GmbH<\/strong><br data-start=\"808\" data-end=\"811\" \/>Milserstra\u00dfe 21a<br data-start=\"827\" data-end=\"830\" \/>6060 Hall in Tirol<br data-start=\"848\" data-end=\"851\" \/>\u00d6sterreich<\/p><p data-start=\"865\" data-end=\"937\">\ud83d\udce7 E-Mail: <strong data-start=\"876\" data-end=\"909\"><a class=\"decorated-link cursor-pointer\" rel=\"noopener\" data-start=\"878\" data-end=\"907\">office@arbeitsmedizin-hall.at<\/a><\/strong><br data-start=\"909\" data-end=\"912\" \/>\ud83d\udcde Telefon: 05223 57304<\/p><hr data-start=\"939\" data-end=\"942\" \/><h3 data-start=\"944\" data-end=\"1001\">2. Erhebung und Verarbeitung personenbezogener Daten<\/h3><p data-start=\"1003\" data-end=\"1111\">Wir verarbeiten personenbezogene Daten, die Sie uns freiwillig zur Verf\u00fcgung stellen, insbesondere wenn Sie:<\/p><ul data-start=\"1113\" data-end=\"1228\"><li data-start=\"1113\" data-end=\"1140\"><p data-start=\"1115\" data-end=\"1140\">unsere Website besuchen<\/p><\/li><li data-start=\"1141\" data-end=\"1181\"><p data-start=\"1143\" data-end=\"1181\">per E-Mail Kontakt mit uns aufnehmen<\/p><\/li><li data-start=\"1182\" data-end=\"1228\"><p data-start=\"1184\" data-end=\"1228\">Support- oder Informationsanfragen stellen<\/p><\/li><\/ul><p data-start=\"1230\" data-end=\"1277\">Dabei k\u00f6nnen folgende Daten verarbeitet werden:<\/p><ul data-start=\"1279\" data-end=\"1428\"><li data-start=\"1279\" data-end=\"1287\"><p data-start=\"1281\" data-end=\"1287\">Name<\/p><\/li><li data-start=\"1288\" data-end=\"1306\"><p data-start=\"1290\" data-end=\"1306\">E-Mail-Adresse<\/p><\/li><li data-start=\"1307\" data-end=\"1324\"><p data-start=\"1309\" data-end=\"1324\">Telefonnummer<\/p><\/li><li data-start=\"1325\" data-end=\"1349\"><p data-start=\"1327\" data-end=\"1349\">Inhalt Ihrer Anfrage<\/p><\/li><li data-start=\"1350\" data-end=\"1364\"><p data-start=\"1352\" data-end=\"1364\">IP-Adresse<\/p><\/li><li data-start=\"1365\" data-end=\"1393\"><p data-start=\"1367\" data-end=\"1393\">Browser- und Ger\u00e4tedaten<\/p><\/li><li data-start=\"1394\" data-end=\"1428\"><p data-start=\"1396\" data-end=\"1428\">Datum und Uhrzeit des Zugriffs<\/p><\/li><\/ul><p data-start=\"1430\" data-end=\"1615\">Eine Verarbeitung <strong data-start=\"1448\" data-end=\"1522\">besonderer Kategorien personenbezogener Daten (z. B. Gesundheitsdaten)<\/strong> erfolgt <strong data-start=\"1531\" data-end=\"1543\">nur dann<\/strong>, wenn Sie uns diese <strong data-start=\"1564\" data-end=\"1578\">freiwillig<\/strong> im Rahmen Ihrer Anfrage \u00fcbermitteln.<\/p><hr data-start=\"1617\" data-end=\"1620\" \/><h3 data-start=\"1622\" data-end=\"1658\">3. Zwecke der Datenverarbeitung<\/h3><p data-start=\"1660\" data-end=\"1729\">Ihre personenbezogenen Daten werden zu folgenden Zwecken verarbeitet:<\/p><ul data-start=\"1731\" data-end=\"1938\"><li data-start=\"1731\" data-end=\"1780\"><p data-start=\"1733\" data-end=\"1780\">Bearbeitung von Anfragen und Kontaktaufnahmen<\/p><\/li><li data-start=\"1781\" data-end=\"1810\"><p data-start=\"1783\" data-end=\"1810\">Support und Kommunikation<\/p><\/li><li data-start=\"1811\" data-end=\"1885\"><p data-start=\"1813\" data-end=\"1885\">Sicherstellung des technischen Betriebs und der Sicherheit der Website<\/p><\/li><li data-start=\"1886\" data-end=\"1938\"><p data-start=\"1888\" data-end=\"1938\">Analyse und Verbesserung unseres Online-Angebots<\/p><\/li><\/ul><hr data-start=\"1940\" data-end=\"1943\" \/><h3 data-start=\"1945\" data-end=\"1986\">4. Rechtsgrundlagen der Verarbeitung<\/h3><p data-start=\"1988\" data-end=\"2103\">Die Verarbeitung Ihrer personenbezogenen Daten erfolgt auf Grundlage folgender Rechtsgrundlagen gem\u00e4\u00df Art. 6 DSGVO:<\/p><ul data-start=\"2105\" data-end=\"2337\"><li data-start=\"2105\" data-end=\"2154\"><p data-start=\"2107\" data-end=\"2154\"><strong data-start=\"2107\" data-end=\"2137\">Art. 6 Abs. 1 lit. a DSGVO<\/strong> \u2013 Einwilligung<\/p><\/li><li data-start=\"2155\" data-end=\"2240\"><p data-start=\"2157\" data-end=\"2240\"><strong data-start=\"2157\" data-end=\"2187\">Art. 6 Abs. 1 lit. b DSGVO<\/strong> \u2013 Vertragserf\u00fcllung bzw. vorvertragliche Ma\u00dfnahmen<\/p><\/li><li data-start=\"2241\" data-end=\"2337\"><p data-start=\"2243\" data-end=\"2337\"><strong data-start=\"2243\" data-end=\"2273\">Art. 6 Abs. 1 lit. f DSGVO<\/strong> \u2013 berechtigtes Interesse (z. B. IT-Sicherheit, Fehleranalyse)<\/p><\/li><\/ul><p data-start=\"2339\" data-end=\"2542\">Sofern besondere Kategorien personenbezogener Daten verarbeitet werden (z. B. Gesundheitsdaten), erfolgt dies ausschlie\u00dflich auf Grundlage von <strong data-start=\"2482\" data-end=\"2541\">Art. 9 Abs. 2 lit. a DSGVO (ausdr\u00fcckliche Einwilligung)<\/strong>.<\/p><hr data-start=\"2544\" data-end=\"2547\" \/><h3 data-start=\"2549\" data-end=\"2570\">5. Speicherdauer<\/h3><p data-start=\"2572\" data-end=\"2722\">Wir speichern personenbezogene Daten nur so lange, wie dies f\u00fcr die jeweiligen Zwecke erforderlich ist oder gesetzliche Aufbewahrungsfristen bestehen.<\/p><ul data-start=\"2724\" data-end=\"2852\"><li data-start=\"2724\" data-end=\"2801\"><p data-start=\"2726\" data-end=\"2801\">Kontakt- und Anfragedaten: bis zur abschlie\u00dfenden Bearbeitung der Anfrage<\/p><\/li><li data-start=\"2802\" data-end=\"2852\"><p data-start=\"2804\" data-end=\"2852\">Server-Logfiles: in der Regel maximal 6 Monate<\/p><\/li><\/ul><hr data-start=\"2854\" data-end=\"2857\" \/><h3 data-start=\"2859\" data-end=\"2897\">6. Weitergabe von Daten an Dritte<\/h3><p data-start=\"2899\" data-end=\"2999\">Ihre personenbezogenen Daten werden <strong data-start=\"2935\" data-end=\"2991\">nicht ohne Ihre Einwilligung an Dritte weitergegeben<\/strong>, au\u00dfer:<\/p><ul data-start=\"3001\" data-end=\"3174\"><li data-start=\"3001\" data-end=\"3100\"><p data-start=\"3003\" data-end=\"3100\">an technische Dienstleister (z. B. Hosting, Webanalyse), die als Auftragsverarbeiter t\u00e4tig sind<\/p><\/li><li data-start=\"3101\" data-end=\"3174\"><p data-start=\"3103\" data-end=\"3174\">wenn dies zur Erf\u00fcllung gesetzlicher Verpflichtungen erforderlich ist<\/p><\/li><\/ul><p data-start=\"3176\" data-end=\"3256\">Alle Auftragsverarbeiter sind vertraglich zur Einhaltung der DSGVO verpflichtet.<\/p><hr data-start=\"3258\" data-end=\"3261\" \/><h3 data-start=\"3263\" data-end=\"3293\">7. Webanalyse \/ Analytics<\/h3><p data-start=\"3295\" data-end=\"3451\">Unsere Website kann Dienste zur Webanalyse verwenden, um die Nutzung der Website zu verbessern. Dabei k\u00f6nnen anonymisierte Nutzungsdaten verarbeitet werden.<\/p><p data-start=\"3453\" data-end=\"3643\">Sofern externe Analyse-Tools eingesetzt werden, erfolgt dies <strong data-start=\"3514\" data-end=\"3559\">nur mit Ihrer ausdr\u00fccklichen Einwilligung<\/strong> \u00fcber das Cookie-Banner.<br data-start=\"3583\" data-end=\"3586\" \/>Details dazu finden Sie in unserer <strong data-start=\"3621\" data-end=\"3642\">Cookie-Richtlinie<\/strong>.<\/p><hr data-start=\"3645\" data-end=\"3648\" \/><h3 data-start=\"3650\" data-end=\"3665\">8. Cookies<\/h3><p data-start=\"3667\" data-end=\"3776\">Unsere Website verwendet Cookies. Cookies sind kleine Textdateien, die auf Ihrem Endger\u00e4t gespeichert werden.<\/p><p data-start=\"3778\" data-end=\"3931\">Informationen \u00fcber Art, Zweck und Speicherdauer der verwendeten Cookies sowie Ihre Einstellungsm\u00f6glichkeiten finden Sie in unserer <strong data-start=\"3909\" data-end=\"3930\">Cookie-Richtlinie<\/strong>.<\/p><hr data-start=\"3933\" data-end=\"3936\" \/><h3 data-start=\"3938\" data-end=\"3961\">9. Datensicherheit<\/h3><p data-start=\"3963\" data-end=\"4170\">Wir setzen technische und organisatorische Sicherheitsma\u00dfnahmen ein, um Ihre Daten gegen Verlust, Manipulation oder unbefugten Zugriff zu sch\u00fctzen.<br data-start=\"4110\" data-end=\"4113\" \/>Ein absoluter Schutz kann jedoch nicht garantiert werden.<\/p><hr data-start=\"4172\" data-end=\"4175\" \/><h3 data-start=\"4177\" data-end=\"4197\">10. Ihre Rechte<\/h3><p data-start=\"4199\" data-end=\"4237\">Sie haben gem\u00e4\u00df DSGVO folgende Rechte:<\/p><ul data-start=\"4239\" data-end=\"4482\"><li data-start=\"4239\" data-end=\"4261\"><p data-start=\"4241\" data-end=\"4261\">Recht auf Auskunft<\/p><\/li><li data-start=\"4262\" data-end=\"4288\"><p data-start=\"4264\" data-end=\"4288\">Recht auf Berichtigung<\/p><\/li><li data-start=\"4289\" data-end=\"4311\"><p data-start=\"4291\" data-end=\"4311\">Recht auf L\u00f6schung<\/p><\/li><li data-start=\"4312\" data-end=\"4356\"><p data-start=\"4314\" data-end=\"4356\">Recht auf Einschr\u00e4nkung der Verarbeitung<\/p><\/li><li data-start=\"4357\" data-end=\"4391\"><p data-start=\"4359\" data-end=\"4391\">Recht auf Daten\u00fcbertragbarkeit<\/p><\/li><li data-start=\"4392\" data-end=\"4433\"><p data-start=\"4394\" data-end=\"4433\">Recht auf Widerruf einer Einwilligung<\/p><\/li><li data-start=\"4434\" data-end=\"4482\"><p data-start=\"4436\" data-end=\"4482\">Recht auf Widerspruch gegen die Verarbeitung<\/p><\/li><\/ul><p data-start=\"4484\" data-end=\"4574\">Zur Aus\u00fcbung Ihrer Rechte wenden Sie sich bitte an:<br data-start=\"4535\" data-end=\"4538\" \/>\ud83d\udce7 <strong data-start=\"4541\" data-end=\"4574\"><a class=\"decorated-link cursor-pointer\" rel=\"noopener\" data-start=\"4543\" data-end=\"4572\">office@arbeitsmedizin-hall.at<\/a><\/strong><\/p><hr data-start=\"4576\" data-end=\"4579\" \/><h3 data-start=\"4581\" data-end=\"4605\">11. Beschwerderecht<\/h3><p data-start=\"4607\" data-end=\"4799\">Wenn Sie der Ansicht sind, dass die Verarbeitung Ihrer personenbezogenen Daten gegen Datenschutzrecht verst\u00f6\u00dft, haben Sie das Recht, Beschwerde bei der zust\u00e4ndigen Aufsichtsbeh\u00f6rde einzulegen:<\/p><p data-start=\"4801\" data-end=\"4897\"><strong data-start=\"4801\" data-end=\"4839\">\u00d6sterreichische Datenschutzbeh\u00f6rde<\/strong><br data-start=\"4839\" data-end=\"4842\" \/>Barichgasse 40\u201342<br data-start=\"4859\" data-end=\"4862\" \/>1030 Wien<br data-start=\"4871\" data-end=\"4874\" \/><a class=\"decorated-link\" href=\"https:\/\/www.dsb.gv.at\" target=\"_new\" rel=\"noopener\" data-start=\"4874\" data-end=\"4895\">https:\/\/www.dsb.gv.at<\/a><\/p><hr data-start=\"4899\" data-end=\"4902\" \/><h3 data-start=\"4904\" data-end=\"4926\">12. Externe Links<\/h3><p data-start=\"4928\" data-end=\"5067\">Unsere Website kann Links zu externen Websites enthalten. F\u00fcr deren Inhalte und Datenschutzbestimmungen \u00fcbernehmen wir keine Verantwortung.<\/p><hr data-start=\"5069\" data-end=\"5072\" \/><h3 data-start=\"5074\" data-end=\"5121\">13. \u00c4nderungen dieser Datenschutzerkl\u00e4rung<\/h3><p data-start=\"5123\" data-end=\"5257\">Wir behalten uns vor, diese Datenschutzerkl\u00e4rung bei Bedarf anzupassen. Die jeweils aktuelle Version ist auf unserer Website abrufbar.<\/p><hr data-start=\"5259\" data-end=\"5262\" \/><p data-start=\"5264\" data-end=\"5391\"><em data-start=\"5264\" data-end=\"5391\">Diese Datenschutzerkl\u00e4rung wurde mit Unterst\u00fctzung von CookieYes erstellt und f\u00fcr die \u00f6sterreichische Rechtspraxis angepasst.<\/em><\/p>\t\t\t\t\t\t\t\t<\/div>\n\t\t\t\t<\/div>\n\t\t\t\t\t<\/div>\n\t\t\t\t<\/div>\n\t\t\t\t<\/div>\n\t\t","protected":false},"excerpt":{"rendered":"<p>Zuletzt aktualisiert am: 21. J\u00e4nner 2026G\u00fcltig ab: 21. J\u00e4nner 2026 Der Schutz Ihrer personenbezogenen Daten ist uns ein besonderes Anliegen. Wir verarbeiten Ihre Daten daher ausschlie\u00dflich auf Grundlage der gesetzlichen Bestimmungen (DSGVO, DSG, TKG 2021). Diese Datenschutzerkl\u00e4rung informiert Sie \u00fcber Art, Umfang und Zweck der Verarbeitung personenbezogener Daten auf unserer Website. 1. Verantwortlicher Arbeitsmedizinisches Zentrum [&hellip;]<\/p>\n","protected":false},"author":1,"featured_media":0,"parent":153,"menu_order":0,"comment_status":"closed","ping_status":"closed","template":"","meta":{"footnotes":""},"class_list":["post-159","page","type-page","status-publish","hentry"],"yoast_head":"<!-- This site is optimized with the Yoast SEO plugin v26.8 - https:\/\/yoast.com\/product\/yoast-seo-wordpress\/ -->\n<title>DATENSCHUTZ - Arbeitsmedizinisches Zentrum Hall in Tirol<\/title>\n<meta name=\"robots\" content=\"index, follow, max-snippet:-1, max-image-preview:large, max-video-preview:-1\" \/>\n<link rel=\"canonical\" href=\"https:\/\/arbeitsmedizin-hall.at\/index.php\/kontakt\/datenschutz\/\" \/>\n<meta property=\"og:locale\" content=\"de_DE\" \/>\n<meta property=\"og:type\" content=\"article\" \/>\n<meta property=\"og:title\" content=\"DATENSCHUTZ - Arbeitsmedizinisches Zentrum Hall in Tirol\" \/>\n<meta property=\"og:description\" content=\"Zuletzt aktualisiert am: 21. J\u00e4nner 2026G\u00fcltig ab: 21. J\u00e4nner 2026 Der Schutz Ihrer personenbezogenen Daten ist uns ein besonderes Anliegen. Wir verarbeiten Ihre Daten daher ausschlie\u00dflich auf Grundlage der gesetzlichen Bestimmungen (DSGVO, DSG, TKG 2021). Diese Datenschutzerkl\u00e4rung informiert Sie \u00fcber Art, Umfang und Zweck der Verarbeitung personenbezogener Daten auf unserer Website. 1. Verantwortlicher Arbeitsmedizinisches Zentrum [&hellip;]\" \/>\n<meta property=\"og:url\" content=\"https:\/\/arbeitsmedizin-hall.at\/index.php\/kontakt\/datenschutz\/\" \/>\n<meta property=\"og:site_name\" content=\"Arbeitsmedizinisches Zentrum Hall in Tirol\" \/>\n<meta property=\"article:modified_time\" content=\"2026-01-21T13:22:27+00:00\" \/>\n<meta name=\"twitter:card\" content=\"summary_large_image\" \/>\n<meta name=\"twitter:label1\" content=\"Gesch\u00e4tzte Lesezeit\" \/>\n\t<meta name=\"twitter:data1\" content=\"4 Minuten\" \/>\n<script type=\"application\/ld+json\" class=\"yoast-schema-graph\">{\"@context\":\"https:\/\/schema.org\",\"@graph\":[{\"@type\":\"WebPage\",\"@id\":\"https:\/\/arbeitsmedizin-hall.at\/index.php\/kontakt\/datenschutz\/\",\"url\":\"https:\/\/arbeitsmedizin-hall.at\/index.php\/kontakt\/datenschutz\/\",\"name\":\"DATENSCHUTZ - Arbeitsmedizinisches Zentrum Hall in Tirol\",\"isPartOf\":{\"@id\":\"https:\/\/arbeitsmedizin-hall.at\/#website\"},\"datePublished\":\"2025-08-12T06:50:04+00:00\",\"dateModified\":\"2026-01-21T13:22:27+00:00\",\"breadcrumb\":{\"@id\":\"https:\/\/arbeitsmedizin-hall.at\/index.php\/kontakt\/datenschutz\/#breadcrumb\"},\"inLanguage\":\"de-AT\",\"potentialAction\":[{\"@type\":\"ReadAction\",\"target\":[\"https:\/\/arbeitsmedizin-hall.at\/index.php\/kontakt\/datenschutz\/\"]}]},{\"@type\":\"BreadcrumbList\",\"@id\":\"https:\/\/arbeitsmedizin-hall.at\/index.php\/kontakt\/datenschutz\/#breadcrumb\",\"itemListElement\":[{\"@type\":\"ListItem\",\"position\":1,\"name\":\"Startseite\",\"item\":\"https:\/\/arbeitsmedizin-hall.at\/\"},{\"@type\":\"ListItem\",\"position\":2,\"name\":\"KONTAKT\",\"item\":\"https:\/\/arbeitsmedizin-hall.at\/index.php\/kontakt\/\"},{\"@type\":\"ListItem\",\"position\":3,\"name\":\"DATENSCHUTZ\"}]},{\"@type\":\"WebSite\",\"@id\":\"https:\/\/arbeitsmedizin-hall.at\/#website\",\"url\":\"https:\/\/arbeitsmedizin-hall.at\/\",\"name\":\"Arbeitsmedizinisches Zentrum Hall in Tirol\",\"description\":\"\",\"publisher\":{\"@id\":\"https:\/\/arbeitsmedizin-hall.at\/#organization\"},\"potentialAction\":[{\"@type\":\"SearchAction\",\"target\":{\"@type\":\"EntryPoint\",\"urlTemplate\":\"https:\/\/arbeitsmedizin-hall.at\/?s={search_term_string}\"},\"query-input\":{\"@type\":\"PropertyValueSpecification\",\"valueRequired\":true,\"valueName\":\"search_term_string\"}}],\"inLanguage\":\"de-AT\"},{\"@type\":\"Organization\",\"@id\":\"https:\/\/arbeitsmedizin-hall.at\/#organization\",\"name\":\"Arbeitsmedizinisches Zentrum Hall in Tirol\",\"url\":\"https:\/\/arbeitsmedizin-hall.at\/\",\"logo\":{\"@type\":\"ImageObject\",\"inLanguage\":\"de-AT\",\"@id\":\"https:\/\/arbeitsmedizin-hall.at\/#\/schema\/logo\/image\/\",\"url\":\"https:\/\/arbeitsmedizin-hall.at\/wp-content\/uploads\/2025\/03\/2025_amz_logo-1.png\",\"contentUrl\":\"https:\/\/arbeitsmedizin-hall.at\/wp-content\/uploads\/2025\/03\/2025_amz_logo-1.png\",\"width\":842,\"height\":287,\"caption\":\"Arbeitsmedizinisches Zentrum Hall in Tirol\"},\"image\":{\"@id\":\"https:\/\/arbeitsmedizin-hall.at\/#\/schema\/logo\/image\/\"}}]}<\/script>\n<!-- \/ Yoast SEO plugin. -->","yoast_head_json":{"title":"DATENSCHUTZ - Arbeitsmedizinisches Zentrum Hall in Tirol","robots":{"index":"index","follow":"follow","max-snippet":"max-snippet:-1","max-image-preview":"max-image-preview:large","max-video-preview":"max-video-preview:-1"},"canonical":"https:\/\/arbeitsmedizin-hall.at\/index.php\/kontakt\/datenschutz\/","og_locale":"de_DE","og_type":"article","og_title":"DATENSCHUTZ - Arbeitsmedizinisches Zentrum Hall in Tirol","og_description":"Zuletzt aktualisiert am: 21. J\u00e4nner 2026G\u00fcltig ab: 21. J\u00e4nner 2026 Der Schutz Ihrer personenbezogenen Daten ist uns ein besonderes Anliegen. Wir verarbeiten Ihre Daten daher ausschlie\u00dflich auf Grundlage der gesetzlichen Bestimmungen (DSGVO, DSG, TKG 2021). Diese Datenschutzerkl\u00e4rung informiert Sie \u00fcber Art, Umfang und Zweck der Verarbeitung personenbezogener Daten auf unserer Website. 1. Verantwortlicher Arbeitsmedizinisches Zentrum [&hellip;]","og_url":"https:\/\/arbeitsmedizin-hall.at\/index.php\/kontakt\/datenschutz\/","og_site_name":"Arbeitsmedizinisches Zentrum Hall in Tirol","article_modified_time":"2026-01-21T13:22:27+00:00","twitter_card":"summary_large_image","twitter_misc":{"Gesch\u00e4tzte Lesezeit":"4 Minuten"},"schema":{"@context":"https:\/\/schema.org","@graph":[{"@type":"WebPage","@id":"https:\/\/arbeitsmedizin-hall.at\/index.php\/kontakt\/datenschutz\/","url":"https:\/\/arbeitsmedizin-hall.at\/index.php\/kontakt\/datenschutz\/","name":"DATENSCHUTZ - Arbeitsmedizinisches Zentrum Hall in Tirol","isPartOf":{"@id":"https:\/\/arbeitsmedizin-hall.at\/#website"},"datePublished":"2025-08-12T06:50:04+00:00","dateModified":"2026-01-21T13:22:27+00:00","breadcrumb":{"@id":"https:\/\/arbeitsmedizin-hall.at\/index.php\/kontakt\/datenschutz\/#breadcrumb"},"inLanguage":"de-AT","potentialAction":[{"@type":"ReadAction","target":["https:\/\/arbeitsmedizin-hall.at\/index.php\/kontakt\/datenschutz\/"]}]},{"@type":"BreadcrumbList","@id":"https:\/\/arbeitsmedizin-hall.at\/index.php\/kontakt\/datenschutz\/#breadcrumb","itemListElement":[{"@type":"ListItem","position":1,"name":"Startseite","item":"https:\/\/arbeitsmedizin-hall.at\/"},{"@type":"ListItem","position":2,"name":"KONTAKT","item":"https:\/\/arbeitsmedizin-hall.at\/index.php\/kontakt\/"},{"@type":"ListItem","position":3,"name":"DATENSCHUTZ"}]},{"@type":"WebSite","@id":"https:\/\/arbeitsmedizin-hall.at\/#website","url":"https:\/\/arbeitsmedizin-hall.at\/","name":"Arbeitsmedizinisches Zentrum Hall in Tirol","description":"","publisher":{"@id":"https:\/\/arbeitsmedizin-hall.at\/#organization"},"potentialAction":[{"@type":"SearchAction","target":{"@type":"EntryPoint","urlTemplate":"https:\/\/arbeitsmedizin-hall.at\/?s={search_term_string}"},"query-input":{"@type":"PropertyValueSpecification","valueRequired":true,"valueName":"search_term_string"}}],"inLanguage":"de-AT"},{"@type":"Organization","@id":"https:\/\/arbeitsmedizin-hall.at\/#organization","name":"Arbeitsmedizinisches Zentrum Hall in Tirol","url":"https:\/\/arbeitsmedizin-hall.at\/","logo":{"@type":"ImageObject","inLanguage":"de-AT","@id":"https:\/\/arbeitsmedizin-hall.at\/#\/schema\/logo\/image\/","url":"https:\/\/arbeitsmedizin-hall.at\/wp-content\/uploads\/2025\/03\/2025_amz_logo-1.png","contentUrl":"https:\/\/arbeitsmedizin-hall.at\/wp-content\/uploads\/2025\/03\/2025_amz_logo-1.png","width":842,"height":287,"caption":"Arbeitsmedizinisches Zentrum Hall in Tirol"},"image":{"@id":"https:\/\/arbeitsmedizin-hall.at\/#\/schema\/logo\/image\/"}}]}},"_links":{"self":[{"href":"https:\/\/arbeitsmedizin-hall.at\/index.php\/wp-json\/wp\/v2\/pages\/159","targetHints":{"allow":["GET"]}}],"collection":[{"href":"https:\/\/arbeitsmedizin-hall.at\/index.php\/wp-json\/wp\/v2\/pages"}],"about":[{"href":"https:\/\/arbeitsmedizin-hall.at\/index.php\/wp-json\/wp\/v2\/types\/page"}],"author":[{"embeddable":true,"href":"https:\/\/arbeitsmedizin-hall.at\/index.php\/wp-json\/wp\/v2\/users\/1"}],"replies":[{"embeddable":true,"href":"https:\/\/arbeitsmedizin-hall.at\/index.php\/wp-json\/wp\/v2\/comments?post=159"}],"version-history":[{"count":0,"href":"https:\/\/arbeitsmedizin-hall.at\/index.php\/wp-json\/wp\/v2\/pages\/159\/revisions"}],"up":[{"embeddable":true,"href":"https:\/\/arbeitsmedizin-hall.at\/index.php\/wp-json\/wp\/v2\/pages\/153"}],"wp:attachment":[{"href":"https:\/\/arbeitsmedizin-hall.at\/index.php\/wp-json\/wp\/v2\/media?parent=159"}],"curies":[{"name":"wp","href":"https:\/\/api.w.org\/{rel}","templated":true}]}}