{"id":157,"date":"2025-08-12T06:49:50","date_gmt":"2025-08-12T06:49:50","guid":{"rendered":"https:\/\/www.testevita.com\/amz\/?page_id=157"},"modified":"2026-02-11T11:17:30","modified_gmt":"2026-02-11T11:17:30","slug":"impressum","status":"publish","type":"page","link":"https:\/\/arbeitsmedizin-hall.at\/index.php\/kontakt\/impressum\/","title":{"rendered":"IMPRESSUM"},"content":{"rendered":"\t\t<div data-elementor-type=\"wp-page\" data-elementor-id=\"157\" class=\"elementor elementor-157\" data-elementor-post-type=\"page\">\n\t\t\t\t<div class=\"elementor-element elementor-element-159a175 e-flex e-con-boxed e-con e-parent\" data-id=\"159a175\" data-element_type=\"container\">\n\t\t\t\t\t<div class=\"e-con-inner\">\n\t\t\t\t<div class=\"elementor-element elementor-element-7386569 elementor-widget elementor-widget-text-editor\" data-id=\"7386569\" data-element_type=\"widget\" data-widget_type=\"text-editor.default\">\n\t\t\t\t<div class=\"elementor-widget-container\">\n\t\t\t\t\t\t\t\t\t<h3>SEITENINHABER<\/h3><p>Arbeitsmedizinisches Zentrum Hall in Tirol GmbH<br \/>Milserstra\u00dfe 21a<br \/>A 6060 Hall in Tirol<br \/>Tel.: +43 5223 57304<br \/>E-Mail:\u00a0mail@arbeitsmedizin-hall.at<\/p><h3>Bildnachweis:<\/h3><p>\u00a9 Christina Gaio (<a href=\"http:\/\/www.christina-gaio.at\">christina-gaio.at<\/a>)<\/p><h3 title=\"Haftungsausschluss\">HAFTUNGSAUSSCHLUSS<\/h3><p>Der Autor dieser Webseiten ist bestrebt, die hier angebotenen Informationen nach bestem Wissen und Gewissen vollst\u00e4ndig und richtig darzustellen und aktuell zu halten. Dennoch kann er keinerlei Haftung f\u00fcr Sch\u00e4den \u00fcbernehmen, die sich aus der Nutzung der angebotenen Informationen ergeben k\u00f6nnen \u2013 auch wenn diese auf die Nutzung von allenfalls unvollst\u00e4ndigen bzw. fehlerhaften Informationen zur\u00fcckzuf\u00fchren sind.<\/p><p>Verweise auf fremde Webseiten liegen au\u00dferhalb des Verantwortungsbereiches des Autors, eine Haftung f\u00fcr diese Inhalte ist deshalb ausgeschlossen. F\u00fcr Inhalte von Seiten, auf welche von Seiten dieser Homepage verwiesen wird, haftet allein der Anbieter dieser fremden Webseiten.<\/p><h3 title=\"Urheberrecht\">URHEBERRECHT<\/h3><p>Die weitergehende Nutzung von Texten und Bildern wie beispielsweise die Ver\u00f6ffentlichung, Vervielf\u00e4ltigung und jede Form von gewerblicher Nutzung sowie die Weitergabe an Dritte \u2013 auch in Teilen oder in \u00fcberarbeiteter Form \u2013 ohne ausdr\u00fcckliche Zustimmung des Autors ist untersagt.<\/p><h3>GOOGLE ANALYTICS<\/h3><p>Diese Website benutzt Google Analytics, einen Webanalysedienst der Google Inc. (\u201eGoogle\u201c). Google\u00a0Analytics verwendet sog. \u201eCookies\u201c, Textdateien, die auf Ihrem Computer gespeichert werden und\u00a0die eine Analyse der Benutzung der Website durch Sie erm\u00f6glichen. Die durch den Cookie erzeugten\u00a0Informationen \u00fcber Ihre Benutzung dieser Website werden in der Regel an einen Server von Google in\u00a0den USA \u00fcbertragen und dort gespeichert. Im Falle der Aktivierung der IP-Anonymisierung auf dieser\u00a0Webseite, wird Ihre IP-Adresse von Google jedoch innerhalb von Mitgliedstaaten der Europ\u00e4ischen<br \/>Union oder in anderen Vertragsstaaten des Abkommens \u00fcber den Europ\u00e4ischen Wirtschaftsraum zuvor\u00a0gek\u00fcrzt. Nur in Ausnahmef\u00e4llen wird die volle IP-Adresse an einen Server von Google in den USA \u00fcbertragen\u00a0und dort gek\u00fcrzt. Im Auftrag des Betreibers dieser Website wird Google diese Informationen\u00a0benutzen, um Ihre Nutzung der Website auszuwerten, um Reports \u00fcber die Websiteaktivit\u00e4ten zusammenzustellen\u00a0und um weitere mit der Websitenutzung und der Internetnutzung verbundene Dienstleistungen\u00a0gegen\u00fcber dem Websitebetreiber zu erbringen. Die im Rahmen von Google Analytics von\u00a0Ihrem Browser \u00fcbermittelte IP-Adresse wird nicht mit anderen Daten von Google zusammengef\u00fchrt.\u00a0Sie k\u00f6nnen die Speicherung der Cookies durch eine entsprechende Einstellung Ihrer Browser-Software\u00a0verhindern; wir weisen Sie jedoch darauf hin, dass Sie in diesem Fall gegebenenfalls nicht s\u00e4mtliche\u00a0Funktionen dieser Website vollumf\u00e4nglich nutzen k\u00f6nnen. Sie k\u00f6nnen dar\u00fcber hinaus die Erfassung der\u00a0durch das Cookie erzeugten und auf Ihre Nutzung der Website bezogenen Daten (inkl. Ihrer IP-Adresse)\u00a0an Google sowie die Verarbeitung dieser Daten durch Google verhindern, indem sie das unter dem folgenden\u00a0Link (http:\/\/tools.google.com\/dlpage\/gaoptout?hl=de) verf\u00fcgbare Browser-Plugin herunterladen\u00a0und installieren. N\u00e4here Informationen zu Nutzungsbedingungen und Datenschutz finden Sie unter https:\/\/www.google.com\/policies\/privacy\/ oder https:\/\/www.google.com\/intl\/en\/policies\/privacy\/.\u00a0Durch die Nutzung dieser Website erkl\u00e4ren Sie sich mit der Bearbeitung der \u00fcber Sie erhobenen Daten\u00a0durch Google in der zuvor beschriebenen Art und Weise und zu dem zuvor benannten Zweck einverstanden.<\/p>\t\t\t\t\t\t\t\t<\/div>\n\t\t\t\t<\/div>\n\t\t\t\t\t<\/div>\n\t\t\t\t<\/div>\n\t\t\t\t<\/div>\n\t\t","protected":false},"excerpt":{"rendered":"<p>SEITENINHABER Arbeitsmedizinisches Zentrum Hall in Tirol GmbHMilserstra\u00dfe 21aA 6060 Hall in TirolTel.: +43 5223 57304E-Mail:\u00a0mail@arbeitsmedizin-hall.at Bildnachweis: \u00a9 Christina Gaio (christina-gaio.at) HAFTUNGSAUSSCHLUSS Der Autor dieser Webseiten ist bestrebt, die hier angebotenen Informationen nach bestem Wissen und Gewissen vollst\u00e4ndig und richtig darzustellen und aktuell zu halten. Dennoch kann er keinerlei Haftung f\u00fcr Sch\u00e4den \u00fcbernehmen, die sich aus [&hellip;]<\/p>\n","protected":false},"author":1,"featured_media":0,"parent":153,"menu_order":0,"comment_status":"closed","ping_status":"closed","template":"","meta":{"footnotes":""},"class_list":["post-157","page","type-page","status-publish","hentry"],"yoast_head":"<!-- This site is optimized with the Yoast SEO plugin v26.8 - https:\/\/yoast.com\/product\/yoast-seo-wordpress\/ -->\n<title>IMPRESSUM - Arbeitsmedizinisches Zentrum Hall in Tirol<\/title>\n<meta name=\"robots\" content=\"index, follow, max-snippet:-1, max-image-preview:large, max-video-preview:-1\" \/>\n<link rel=\"canonical\" href=\"https:\/\/arbeitsmedizin-hall.at\/index.php\/kontakt\/impressum\/\" \/>\n<meta property=\"og:locale\" content=\"de_DE\" \/>\n<meta property=\"og:type\" content=\"article\" \/>\n<meta property=\"og:title\" content=\"IMPRESSUM - Arbeitsmedizinisches Zentrum Hall in Tirol\" \/>\n<meta property=\"og:description\" content=\"SEITENINHABER Arbeitsmedizinisches Zentrum Hall in Tirol GmbHMilserstra\u00dfe 21aA 6060 Hall in TirolTel.: +43 5223 57304E-Mail:\u00a0mail@arbeitsmedizin-hall.at Bildnachweis: \u00a9 Christina Gaio (christina-gaio.at) HAFTUNGSAUSSCHLUSS Der Autor dieser Webseiten ist bestrebt, die hier angebotenen Informationen nach bestem Wissen und Gewissen vollst\u00e4ndig und richtig darzustellen und aktuell zu halten. Dennoch kann er keinerlei Haftung f\u00fcr Sch\u00e4den \u00fcbernehmen, die sich aus [&hellip;]\" \/>\n<meta property=\"og:url\" content=\"https:\/\/arbeitsmedizin-hall.at\/index.php\/kontakt\/impressum\/\" \/>\n<meta property=\"og:site_name\" content=\"Arbeitsmedizinisches Zentrum Hall in Tirol\" \/>\n<meta property=\"article:modified_time\" content=\"2026-02-11T11:17:30+00:00\" \/>\n<meta name=\"twitter:card\" content=\"summary_large_image\" \/>\n<meta name=\"twitter:label1\" content=\"Gesch\u00e4tzte Lesezeit\" \/>\n\t<meta name=\"twitter:data1\" content=\"3 Minuten\" \/>\n<script type=\"application\/ld+json\" class=\"yoast-schema-graph\">{\"@context\":\"https:\/\/schema.org\",\"@graph\":[{\"@type\":\"WebPage\",\"@id\":\"https:\/\/arbeitsmedizin-hall.at\/index.php\/kontakt\/impressum\/\",\"url\":\"https:\/\/arbeitsmedizin-hall.at\/index.php\/kontakt\/impressum\/\",\"name\":\"IMPRESSUM - Arbeitsmedizinisches Zentrum Hall in Tirol\",\"isPartOf\":{\"@id\":\"https:\/\/arbeitsmedizin-hall.at\/#website\"},\"datePublished\":\"2025-08-12T06:49:50+00:00\",\"dateModified\":\"2026-02-11T11:17:30+00:00\",\"breadcrumb\":{\"@id\":\"https:\/\/arbeitsmedizin-hall.at\/index.php\/kontakt\/impressum\/#breadcrumb\"},\"inLanguage\":\"de-AT\",\"potentialAction\":[{\"@type\":\"ReadAction\",\"target\":[\"https:\/\/arbeitsmedizin-hall.at\/index.php\/kontakt\/impressum\/\"]}]},{\"@type\":\"BreadcrumbList\",\"@id\":\"https:\/\/arbeitsmedizin-hall.at\/index.php\/kontakt\/impressum\/#breadcrumb\",\"itemListElement\":[{\"@type\":\"ListItem\",\"position\":1,\"name\":\"Startseite\",\"item\":\"https:\/\/arbeitsmedizin-hall.at\/\"},{\"@type\":\"ListItem\",\"position\":2,\"name\":\"KONTAKT\",\"item\":\"https:\/\/arbeitsmedizin-hall.at\/index.php\/kontakt\/\"},{\"@type\":\"ListItem\",\"position\":3,\"name\":\"IMPRESSUM\"}]},{\"@type\":\"WebSite\",\"@id\":\"https:\/\/arbeitsmedizin-hall.at\/#website\",\"url\":\"https:\/\/arbeitsmedizin-hall.at\/\",\"name\":\"Arbeitsmedizinisches Zentrum Hall in Tirol\",\"description\":\"\",\"publisher\":{\"@id\":\"https:\/\/arbeitsmedizin-hall.at\/#organization\"},\"potentialAction\":[{\"@type\":\"SearchAction\",\"target\":{\"@type\":\"EntryPoint\",\"urlTemplate\":\"https:\/\/arbeitsmedizin-hall.at\/?s={search_term_string}\"},\"query-input\":{\"@type\":\"PropertyValueSpecification\",\"valueRequired\":true,\"valueName\":\"search_term_string\"}}],\"inLanguage\":\"de-AT\"},{\"@type\":\"Organization\",\"@id\":\"https:\/\/arbeitsmedizin-hall.at\/#organization\",\"name\":\"Arbeitsmedizinisches Zentrum Hall in Tirol\",\"url\":\"https:\/\/arbeitsmedizin-hall.at\/\",\"logo\":{\"@type\":\"ImageObject\",\"inLanguage\":\"de-AT\",\"@id\":\"https:\/\/arbeitsmedizin-hall.at\/#\/schema\/logo\/image\/\",\"url\":\"https:\/\/arbeitsmedizin-hall.at\/wp-content\/uploads\/2025\/03\/2025_amz_logo-1.png\",\"contentUrl\":\"https:\/\/arbeitsmedizin-hall.at\/wp-content\/uploads\/2025\/03\/2025_amz_logo-1.png\",\"width\":842,\"height\":287,\"caption\":\"Arbeitsmedizinisches Zentrum Hall in Tirol\"},\"image\":{\"@id\":\"https:\/\/arbeitsmedizin-hall.at\/#\/schema\/logo\/image\/\"}}]}<\/script>\n<!-- \/ Yoast SEO plugin. -->","yoast_head_json":{"title":"IMPRESSUM - Arbeitsmedizinisches Zentrum Hall in Tirol","robots":{"index":"index","follow":"follow","max-snippet":"max-snippet:-1","max-image-preview":"max-image-preview:large","max-video-preview":"max-video-preview:-1"},"canonical":"https:\/\/arbeitsmedizin-hall.at\/index.php\/kontakt\/impressum\/","og_locale":"de_DE","og_type":"article","og_title":"IMPRESSUM - Arbeitsmedizinisches Zentrum Hall in Tirol","og_description":"SEITENINHABER Arbeitsmedizinisches Zentrum Hall in Tirol GmbHMilserstra\u00dfe 21aA 6060 Hall in TirolTel.: +43 5223 57304E-Mail:\u00a0mail@arbeitsmedizin-hall.at Bildnachweis: \u00a9 Christina Gaio (christina-gaio.at) HAFTUNGSAUSSCHLUSS Der Autor dieser Webseiten ist bestrebt, die hier angebotenen Informationen nach bestem Wissen und Gewissen vollst\u00e4ndig und richtig darzustellen und aktuell zu halten. Dennoch kann er keinerlei Haftung f\u00fcr Sch\u00e4den \u00fcbernehmen, die sich aus [&hellip;]","og_url":"https:\/\/arbeitsmedizin-hall.at\/index.php\/kontakt\/impressum\/","og_site_name":"Arbeitsmedizinisches Zentrum Hall in Tirol","article_modified_time":"2026-02-11T11:17:30+00:00","twitter_card":"summary_large_image","twitter_misc":{"Gesch\u00e4tzte Lesezeit":"3 Minuten"},"schema":{"@context":"https:\/\/schema.org","@graph":[{"@type":"WebPage","@id":"https:\/\/arbeitsmedizin-hall.at\/index.php\/kontakt\/impressum\/","url":"https:\/\/arbeitsmedizin-hall.at\/index.php\/kontakt\/impressum\/","name":"IMPRESSUM - Arbeitsmedizinisches Zentrum Hall in Tirol","isPartOf":{"@id":"https:\/\/arbeitsmedizin-hall.at\/#website"},"datePublished":"2025-08-12T06:49:50+00:00","dateModified":"2026-02-11T11:17:30+00:00","breadcrumb":{"@id":"https:\/\/arbeitsmedizin-hall.at\/index.php\/kontakt\/impressum\/#breadcrumb"},"inLanguage":"de-AT","potentialAction":[{"@type":"ReadAction","target":["https:\/\/arbeitsmedizin-hall.at\/index.php\/kontakt\/impressum\/"]}]},{"@type":"BreadcrumbList","@id":"https:\/\/arbeitsmedizin-hall.at\/index.php\/kontakt\/impressum\/#breadcrumb","itemListElement":[{"@type":"ListItem","position":1,"name":"Startseite","item":"https:\/\/arbeitsmedizin-hall.at\/"},{"@type":"ListItem","position":2,"name":"KONTAKT","item":"https:\/\/arbeitsmedizin-hall.at\/index.php\/kontakt\/"},{"@type":"ListItem","position":3,"name":"IMPRESSUM"}]},{"@type":"WebSite","@id":"https:\/\/arbeitsmedizin-hall.at\/#website","url":"https:\/\/arbeitsmedizin-hall.at\/","name":"Arbeitsmedizinisches Zentrum Hall in Tirol","description":"","publisher":{"@id":"https:\/\/arbeitsmedizin-hall.at\/#organization"},"potentialAction":[{"@type":"SearchAction","target":{"@type":"EntryPoint","urlTemplate":"https:\/\/arbeitsmedizin-hall.at\/?s={search_term_string}"},"query-input":{"@type":"PropertyValueSpecification","valueRequired":true,"valueName":"search_term_string"}}],"inLanguage":"de-AT"},{"@type":"Organization","@id":"https:\/\/arbeitsmedizin-hall.at\/#organization","name":"Arbeitsmedizinisches Zentrum Hall in Tirol","url":"https:\/\/arbeitsmedizin-hall.at\/","logo":{"@type":"ImageObject","inLanguage":"de-AT","@id":"https:\/\/arbeitsmedizin-hall.at\/#\/schema\/logo\/image\/","url":"https:\/\/arbeitsmedizin-hall.at\/wp-content\/uploads\/2025\/03\/2025_amz_logo-1.png","contentUrl":"https:\/\/arbeitsmedizin-hall.at\/wp-content\/uploads\/2025\/03\/2025_amz_logo-1.png","width":842,"height":287,"caption":"Arbeitsmedizinisches Zentrum Hall in Tirol"},"image":{"@id":"https:\/\/arbeitsmedizin-hall.at\/#\/schema\/logo\/image\/"}}]}},"_links":{"self":[{"href":"https:\/\/arbeitsmedizin-hall.at\/index.php\/wp-json\/wp\/v2\/pages\/157","targetHints":{"allow":["GET"]}}],"collection":[{"href":"https:\/\/arbeitsmedizin-hall.at\/index.php\/wp-json\/wp\/v2\/pages"}],"about":[{"href":"https:\/\/arbeitsmedizin-hall.at\/index.php\/wp-json\/wp\/v2\/types\/page"}],"author":[{"embeddable":true,"href":"https:\/\/arbeitsmedizin-hall.at\/index.php\/wp-json\/wp\/v2\/users\/1"}],"replies":[{"embeddable":true,"href":"https:\/\/arbeitsmedizin-hall.at\/index.php\/wp-json\/wp\/v2\/comments?post=157"}],"version-history":[{"count":3,"href":"https:\/\/arbeitsmedizin-hall.at\/index.php\/wp-json\/wp\/v2\/pages\/157\/revisions"}],"predecessor-version":[{"id":1798,"href":"https:\/\/arbeitsmedizin-hall.at\/index.php\/wp-json\/wp\/v2\/pages\/157\/revisions\/1798"}],"up":[{"embeddable":true,"href":"https:\/\/arbeitsmedizin-hall.at\/index.php\/wp-json\/wp\/v2\/pages\/153"}],"wp:attachment":[{"href":"https:\/\/arbeitsmedizin-hall.at\/index.php\/wp-json\/wp\/v2\/media?parent=157"}],"curies":[{"name":"wp","href":"https:\/\/api.w.org\/{rel}","templated":true}]}}