{"id":131,"date":"2025-08-12T06:46:26","date_gmt":"2025-08-12T06:46:26","guid":{"rendered":"https:\/\/www.testevita.com\/amz\/?page_id=131"},"modified":"2026-02-20T10:30:07","modified_gmt":"2026-02-20T10:30:07","slug":"egmont-baumgartner-institut","status":"publish","type":"page","link":"https:\/\/arbeitsmedizin-hall.at\/index.php\/ueber-uns\/egmont-baumgartner-institut\/","title":{"rendered":"EGMONT BAUMGARTNER INSTITUT"},"content":{"rendered":"\t\t<div data-elementor-type=\"wp-page\" data-elementor-id=\"131\" class=\"elementor elementor-131\" data-elementor-post-type=\"page\">\n\t\t\t\t\t\t<section class=\"elementor-section elementor-top-section elementor-element elementor-element-43ff7a4 elementor-section-height-min-height elementor-section-boxed elementor-section-height-default elementor-section-items-middle\" data-id=\"43ff7a4\" data-element_type=\"section\" data-settings=\"{&quot;background_background&quot;:&quot;classic&quot;}\">\n\t\t\t\t\t\t\t<div class=\"elementor-background-overlay\"><\/div>\n\t\t\t\t\t\t\t<div class=\"elementor-container elementor-column-gap-default\">\n\t\t\t\t\t<div class=\"elementor-column elementor-col-100 elementor-top-column elementor-element elementor-element-15bb937\" data-id=\"15bb937\" data-element_type=\"column\">\n\t\t\t<div class=\"elementor-widget-wrap elementor-element-populated\">\n\t\t\t\t\t\t<div class=\"elementor-element elementor-element-94df394 elementor-widget elementor-widget-heading\" data-id=\"94df394\" data-element_type=\"widget\" data-widget_type=\"heading.default\">\n\t\t\t\t<div class=\"elementor-widget-container\">\n\t\t\t\t\t<h1 class=\"elementor-heading-title elementor-size-default\">EGMONT BAUMGARTNER INSTITUT<\/h1>\t\t\t\t<\/div>\n\t\t\t\t<\/div>\n\t\t\t\t\t<\/div>\n\t\t<\/div>\n\t\t\t\t\t<\/div>\n\t\t<\/section>\n\t\t<div class=\"elementor-element elementor-element-926a086 e-flex e-con-boxed e-con e-parent\" data-id=\"926a086\" data-element_type=\"container\">\n\t\t\t\t\t<div class=\"e-con-inner\">\n\t\t\t\t<div class=\"elementor-element elementor-element-20380af elementor-widget elementor-widget-spacer\" data-id=\"20380af\" data-element_type=\"widget\" data-widget_type=\"spacer.default\">\n\t\t\t\t<div class=\"elementor-widget-container\">\n\t\t\t\t\t\t\t<div class=\"elementor-spacer\">\n\t\t\t<div class=\"elementor-spacer-inner\"><\/div>\n\t\t<\/div>\n\t\t\t\t\t\t<\/div>\n\t\t\t\t<\/div>\n\t\t\t\t\t<\/div>\n\t\t\t\t<\/div>\n\t\t<div class=\"elementor-element elementor-element-b742101 e-flex e-con-boxed e-con e-parent\" data-id=\"b742101\" data-element_type=\"container\">\n\t\t\t\t\t<div class=\"e-con-inner\">\n\t\t\t\t<div class=\"elementor-element elementor-element-b437e3a elementor-widget__width-initial elementor-widget-mobile__width-initial elementor-widget elementor-widget-text-editor\" data-id=\"b437e3a\" data-element_type=\"widget\" data-widget_type=\"text-editor.default\">\n\t\t\t\t<div class=\"elementor-widget-container\">\n\t\t\t\t\t\t\t\t\t<h1 style=\"text-align: center;\">GEMEINN\u00dcTZIGKEIT ALS MOTIVATION<\/h1><p style=\"text-align: center;\">Hinter der AMZ Hall GmbH steht ein gemeinn\u00fctziger Verein, der die Konzeption der Arbeitsmedizin jenseits des Tagesbetriebs reflektiert und weiter entwickelt \u2013 ganz im Sinne des Gr\u00fcnders Egmont Baumgartner. Das Institut tr\u00e4gt seinen Namen \u2013 seine Ideen und sein Geist zur betrieblichen Gesundheitsvorsorge k\u00f6nnen sich dort weiter entfalten. Das Pr\u00e4sidium des Vereins sieht sich diesen Idealen verpflichtet.<\/p>\t\t\t\t\t\t\t\t<\/div>\n\t\t\t\t<\/div>\n\t\t\t\t\t<\/div>\n\t\t\t\t<\/div>\n\t\t<div class=\"elementor-element elementor-element-e4e437a e-flex e-con-boxed e-con e-parent\" data-id=\"e4e437a\" data-element_type=\"container\">\n\t\t\t\t\t<div class=\"e-con-inner\">\n\t\t\t\t<div class=\"elementor-element elementor-element-786f4c6 elementor-widget elementor-widget-spacer\" data-id=\"786f4c6\" data-element_type=\"widget\" data-widget_type=\"spacer.default\">\n\t\t\t\t<div class=\"elementor-widget-container\">\n\t\t\t\t\t\t\t<div class=\"elementor-spacer\">\n\t\t\t<div class=\"elementor-spacer-inner\"><\/div>\n\t\t<\/div>\n\t\t\t\t\t\t<\/div>\n\t\t\t\t<\/div>\n\t\t\t\t\t<\/div>\n\t\t\t\t<\/div>\n\t\t<div class=\"elementor-element elementor-element-be1ad08 e-flex e-con-boxed e-con e-parent\" data-id=\"be1ad08\" data-element_type=\"container\">\n\t\t\t\t\t<div class=\"e-con-inner\">\n\t\t<div class=\"elementor-element elementor-element-bc6b94c e-con-full e-flex e-con e-child\" data-id=\"bc6b94c\" data-element_type=\"container\">\n\t\t\t\t<div class=\"elementor-element elementor-element-b455a82 elementor-widget elementor-widget-image\" data-id=\"b455a82\" data-element_type=\"widget\" data-widget_type=\"image.default\">\n\t\t\t\t<div class=\"elementor-widget-container\">\n\t\t\t\t\t\t\t\t\t\t\t\t\t\t\t<img fetchpriority=\"high\" decoding=\"async\" width=\"800\" height=\"800\" src=\"https:\/\/arbeitsmedizin-hall.at\/wp-content\/uploads\/2025\/09\/AMZ-Portrait-I.-Baumgartner-16.09.2025-Webgroesse-3-1-1024x1024.jpg\" class=\"attachment-large size-large wp-image-523\" alt=\"\" srcset=\"https:\/\/arbeitsmedizin-hall.at\/wp-content\/uploads\/2025\/09\/AMZ-Portrait-I.-Baumgartner-16.09.2025-Webgroesse-3-1-1024x1024.jpg 1024w, https:\/\/arbeitsmedizin-hall.at\/wp-content\/uploads\/2025\/09\/AMZ-Portrait-I.-Baumgartner-16.09.2025-Webgroesse-3-1-300x300.jpg 300w, https:\/\/arbeitsmedizin-hall.at\/wp-content\/uploads\/2025\/09\/AMZ-Portrait-I.-Baumgartner-16.09.2025-Webgroesse-3-1-150x150.jpg 150w, https:\/\/arbeitsmedizin-hall.at\/wp-content\/uploads\/2025\/09\/AMZ-Portrait-I.-Baumgartner-16.09.2025-Webgroesse-3-1-768x768.jpg 768w, https:\/\/arbeitsmedizin-hall.at\/wp-content\/uploads\/2025\/09\/AMZ-Portrait-I.-Baumgartner-16.09.2025-Webgroesse-3-1.jpg 1047w\" sizes=\"(max-width: 800px) 100vw, 800px\" \/>\t\t\t\t\t\t\t\t\t\t\t\t\t\t\t<\/div>\n\t\t\t\t<\/div>\n\t\t<div class=\"elementor-element elementor-element-28aea75 e-con-full elementor-hidden-desktop e-flex e-con e-child\" data-id=\"28aea75\" data-element_type=\"container\">\n\t\t\t\t<div class=\"elementor-element elementor-element-d08d881 elementor-widget elementor-widget-text-editor\" data-id=\"d08d881\" data-element_type=\"widget\" data-widget_type=\"text-editor.default\">\n\t\t\t\t<div class=\"elementor-widget-container\">\n\t\t\t\t\t\t\t\t\t<p><span style=\"color: #ffffff;\">Mag. Imma Baumgartner<\/span><br \/><span style=\"font-family: -apple-system, BlinkMacSystemFont, 'Segoe UI', Roboto, 'Helvetica Neue', Arial, 'Noto Sans', sans-serif, 'Apple Color Emoji', 'Segoe UI Emoji', 'Segoe UI Symbol', 'Noto Color Emoji'; font-size: 16px; color: #ffffff;\">Pr\u00e4sidentin Egmont Baumgartner Institut<\/span><\/p>\t\t\t\t\t\t\t\t<\/div>\n\t\t\t\t<\/div>\n\t\t\t\t<\/div>\n\t\t\t\t<\/div>\n\t\t<div class=\"elementor-element elementor-element-f19bbc3 e-con-full e-flex e-con e-child\" data-id=\"f19bbc3\" data-element_type=\"container\">\n\t\t\t\t<div class=\"elementor-element elementor-element-02869c2 elementor-widget elementor-widget-text-editor\" data-id=\"02869c2\" data-element_type=\"widget\" data-widget_type=\"text-editor.default\">\n\t\t\t\t<div class=\"elementor-widget-container\">\n\t\t\t\t\t\t\t\t\t<p><strong>Konkrete Ziele der Vereinst\u00e4tigkeit sind:<\/strong><\/p><ul><li>Die Humanisierung der Arbeitspl\u00e4tze<\/li><li>Die optimale Erhaltung und Wiederherstellung der Gesundheit der Mitarbeiterinnen und Mitarbeiter in den Betrieben durch Ma\u00dfnahmen der Krankheitsverhu\u0308tung und Krankheitsfru\u0308herkennung<\/li><li>Die F\u00f6rderung aller Initiativen fu\u0308r die Sicherheit der Mitarbeiterinnen und Mitarbeitern in den Betrieben insbesondere durch Bek\u00e4mpfung von Berufskrankheiten und Arbeitsunf\u00e4llen aller Art<\/li><li>Die Unterstu\u0308tzung von Anliegen der arbeitsmedizinischen Forschung und Praxis und die F\u00f6rderung aller Aktivit\u00e4ten anderer Einrichtungen hierzu jeglicher Art<\/li><li>Die Aufbringung und Zuwendung von F\u00f6rderungsmitteln zur optimalen Durchfu\u0308hrung regionaler arbeitsmedizinischer Aufgaben sowie von Forschungsauftr\u00e4gen<\/li><\/ul>\t\t\t\t\t\t\t\t<\/div>\n\t\t\t\t<\/div>\n\t\t\t\t<div class=\"elementor-element elementor-element-dd5461c elementor-widget elementor-widget-text-editor\" data-id=\"dd5461c\" data-element_type=\"widget\" data-widget_type=\"text-editor.default\">\n\t\t\t\t<div class=\"elementor-widget-container\">\n\t\t\t\t\t\t\t\t\t<p><strong><em>\u00a0\u201ePr\u00e4ventivmedizin muss in \u00d6sterreich st\u00e4rker in den Strukturen der Medizin verankert werden \u2013 insbesondere auch die Arbeitsmedizin\u201c<\/em><\/strong>, fasst die Pr\u00e4sidentin Imma Baumgartner die Ziele zusammen. Dies gilt ebenso f\u00fcr die universit\u00e4re Ausbildung<span class=\"Apple-converted-space\">\u00a0 <\/span>sowie<span class=\"Apple-converted-space\">\u00a0 <\/span>die<span class=\"Apple-converted-space\">\u00a0 <\/span>Forschung<span class=\"Apple-converted-space\">\u00a0 <\/span>allgemein.<\/p><p>Der Gemeinn\u00fctzigkeit verpflichtet, ist der Zweck des Vereins die gezielte F\u00f6rderung der Arbeitsmedizin in Theorie und Praxis, der Pr\u00e4ventivmedizin sowie der Arbeitspsychologie und aller Ma\u00dfnahmen hierzu im Allgemeinen und des AMZ Hall im Besonderen. So wie der Verein die praktische Arbeit reflektiert, ist umgekehrt das Wirtschaften der AMZ Hall GmbH von den Zielen des Vereins gepr\u00e4gt.<\/p>\t\t\t\t\t\t\t\t<\/div>\n\t\t\t\t<\/div>\n\t\t\t\t<\/div>\n\t\t\t\t\t<\/div>\n\t\t\t\t<\/div>\n\t\t\t\t<section class=\"elementor-section elementor-top-section elementor-element elementor-element-b870408 elementor-section-boxed elementor-section-height-default elementor-section-height-default\" data-id=\"b870408\" data-element_type=\"section\">\n\t\t\t\t\t\t<div class=\"elementor-container elementor-column-gap-default\">\n\t\t\t\t\t<div class=\"elementor-column elementor-col-100 elementor-top-column elementor-element elementor-element-603ac85 elementor-hidden-tablet elementor-hidden-mobile\" data-id=\"603ac85\" data-element_type=\"column\" data-settings=\"{&quot;background_background&quot;:&quot;classic&quot;}\">\n\t\t\t<div class=\"elementor-widget-wrap elementor-element-populated\">\n\t\t\t\t\t\t<div class=\"elementor-element elementor-element-6229644 elementor-hidden-tablet elementor-hidden-mobile elementor-widget elementor-widget-text-editor\" data-id=\"6229644\" data-element_type=\"widget\" data-widget_type=\"text-editor.default\">\n\t\t\t\t<div class=\"elementor-widget-container\">\n\t\t\t\t\t\t\t\t\t<h6><span style=\"color: #ffffff;\">Mag. Imma Baumgartner<\/span><\/h6><h6><span style=\"color: #ffffff;\">Pr\u00e4sidentin Egmont Baumgartner Institut<\/span><\/h6>\t\t\t\t\t\t\t\t<\/div>\n\t\t\t\t<\/div>\n\t\t\t\t\t<\/div>\n\t\t<\/div>\n\t\t\t\t\t<\/div>\n\t\t<\/section>\n\t\t<div class=\"elementor-element elementor-element-341a7a2 e-flex e-con-boxed e-con e-parent\" data-id=\"341a7a2\" data-element_type=\"container\">\n\t\t\t\t\t<div class=\"e-con-inner\">\n\t\t\t\t<div class=\"elementor-element elementor-element-afcc4aa elementor-align-right elementor-widget elementor-widget-button\" data-id=\"afcc4aa\" data-element_type=\"widget\" data-widget_type=\"button.default\">\n\t\t\t\t<div class=\"elementor-widget-container\">\n\t\t\t\t\t\t\t\t\t<div class=\"elementor-button-wrapper\">\n\t\t\t\t\t<a class=\"elementor-button elementor-button-link elementor-size-sm\" href=\"https:\/\/arbeitsmedizin-hall.at\/index.php\/ueber-uns\/forschung\/\">\n\t\t\t\t\t\t<span class=\"elementor-button-content-wrapper\">\n\t\t\t\t\t\t\t\t\t<span class=\"elementor-button-text\">ZUR FORSCHUNG<\/span>\n\t\t\t\t\t<\/span>\n\t\t\t\t\t<\/a>\n\t\t\t\t<\/div>\n\t\t\t\t\t\t\t\t<\/div>\n\t\t\t\t<\/div>\n\t\t\t\t\t<\/div>\n\t\t\t\t<\/div>\n\t\t<div class=\"elementor-element elementor-element-bfd12ba e-flex e-con-boxed e-con e-parent\" data-id=\"bfd12ba\" data-element_type=\"container\">\n\t\t\t\t\t<div class=\"e-con-inner\">\n\t\t\t\t<div class=\"elementor-element elementor-element-ac0ee7f elementor-widget elementor-widget-spacer\" data-id=\"ac0ee7f\" data-element_type=\"widget\" data-widget_type=\"spacer.default\">\n\t\t\t\t<div class=\"elementor-widget-container\">\n\t\t\t\t\t\t\t<div class=\"elementor-spacer\">\n\t\t\t<div class=\"elementor-spacer-inner\"><\/div>\n\t\t<\/div>\n\t\t\t\t\t\t<\/div>\n\t\t\t\t<\/div>\n\t\t\t\t\t<\/div>\n\t\t\t\t<\/div>\n\t\t<div class=\"elementor-element elementor-element-6ec3a09 e-flex e-con-boxed e-con e-parent\" data-id=\"6ec3a09\" data-element_type=\"container\">\n\t\t\t\t\t<div class=\"e-con-inner\">\n\t\t\t\t<div class=\"elementor-element elementor-element-a3e7341 elementor-widget elementor-widget-image\" data-id=\"a3e7341\" data-element_type=\"widget\" data-widget_type=\"image.default\">\n\t\t\t\t<div class=\"elementor-widget-container\">\n\t\t\t\t\t\t\t\t\t\t\t\t\t\t\t<img decoding=\"async\" width=\"800\" height=\"255\" src=\"https:\/\/arbeitsmedizin-hall.at\/wp-content\/uploads\/2025\/09\/AMZ-Hall_Logo_Adler_4c-1024x326.jpg\" class=\"attachment-large size-large wp-image-502\" alt=\"\" srcset=\"https:\/\/arbeitsmedizin-hall.at\/wp-content\/uploads\/2025\/09\/AMZ-Hall_Logo_Adler_4c-1024x326.jpg 1024w, https:\/\/arbeitsmedizin-hall.at\/wp-content\/uploads\/2025\/09\/AMZ-Hall_Logo_Adler_4c-300x95.jpg 300w, https:\/\/arbeitsmedizin-hall.at\/wp-content\/uploads\/2025\/09\/AMZ-Hall_Logo_Adler_4c-768x244.jpg 768w, https:\/\/arbeitsmedizin-hall.at\/wp-content\/uploads\/2025\/09\/AMZ-Hall_Logo_Adler_4c-1536x489.jpg 1536w, https:\/\/arbeitsmedizin-hall.at\/wp-content\/uploads\/2025\/09\/AMZ-Hall_Logo_Adler_4c-2048x652.jpg 2048w\" sizes=\"(max-width: 800px) 100vw, 800px\" \/>\t\t\t\t\t\t\t\t\t\t\t\t\t\t\t<\/div>\n\t\t\t\t<\/div>\n\t\t\t\t\t<\/div>\n\t\t\t\t<\/div>\n\t\t<div class=\"elementor-element elementor-element-a790e49 e-flex e-con-boxed e-con e-parent\" data-id=\"a790e49\" data-element_type=\"container\">\n\t\t\t\t\t<div class=\"e-con-inner\">\n\t\t<div class=\"elementor-element elementor-element-54ec4bb e-con-full e-flex e-con e-child\" data-id=\"54ec4bb\" data-element_type=\"container\">\n\t\t\t\t<\/div>\n\t\t\t\t\t<\/div>\n\t\t\t\t<\/div>\n\t\t\t\t<section class=\"elementor-section elementor-top-section elementor-element elementor-element-e7ef75c elementor-section-boxed elementor-section-height-default elementor-section-height-default\" data-id=\"e7ef75c\" data-element_type=\"section\">\n\t\t\t\t\t\t<div class=\"elementor-container elementor-column-gap-default\">\n\t\t\t\t\t<div class=\"elementor-column elementor-col-100 elementor-top-column elementor-element elementor-element-c16e5f3\" data-id=\"c16e5f3\" data-element_type=\"column\">\n\t\t\t<div class=\"elementor-widget-wrap\">\n\t\t\t\t\t\t\t<\/div>\n\t\t<\/div>\n\t\t\t\t\t<\/div>\n\t\t<\/section>\n\t\t\t\t<\/div>\n\t\t","protected":false},"excerpt":{"rendered":"<p>EGMONT BAUMGARTNER INSTITUT GEMEINN\u00dcTZIGKEIT ALS MOTIVATION Hinter der AMZ Hall GmbH steht ein gemeinn\u00fctziger Verein, der die Konzeption der Arbeitsmedizin jenseits des Tagesbetriebs reflektiert und weiter entwickelt \u2013 ganz im Sinne des Gr\u00fcnders Egmont Baumgartner. Das Institut tr\u00e4gt seinen Namen \u2013 seine Ideen und sein Geist zur betrieblichen Gesundheitsvorsorge k\u00f6nnen sich dort weiter entfalten. Das [&hellip;]<\/p>\n","protected":false},"author":1,"featured_media":0,"parent":120,"menu_order":0,"comment_status":"closed","ping_status":"closed","template":"","meta":{"footnotes":""},"class_list":["post-131","page","type-page","status-publish","hentry"],"yoast_head":"<!-- This site is optimized with the Yoast SEO plugin v26.8 - https:\/\/yoast.com\/product\/yoast-seo-wordpress\/ -->\n<title>EGMONT BAUMGARTNER INSTITUT - Arbeitsmedizinisches Zentrum Hall in Tirol<\/title>\n<meta name=\"robots\" content=\"index, follow, max-snippet:-1, max-image-preview:large, max-video-preview:-1\" \/>\n<link rel=\"canonical\" href=\"https:\/\/arbeitsmedizin-hall.at\/index.php\/ueber-uns\/egmont-baumgartner-institut\/\" \/>\n<meta property=\"og:locale\" content=\"de_DE\" \/>\n<meta property=\"og:type\" content=\"article\" \/>\n<meta property=\"og:title\" content=\"EGMONT BAUMGARTNER INSTITUT - Arbeitsmedizinisches Zentrum Hall in Tirol\" \/>\n<meta property=\"og:description\" content=\"EGMONT BAUMGARTNER INSTITUT GEMEINN\u00dcTZIGKEIT ALS MOTIVATION Hinter der AMZ Hall GmbH steht ein gemeinn\u00fctziger Verein, der die Konzeption der Arbeitsmedizin jenseits des Tagesbetriebs reflektiert und weiter entwickelt \u2013 ganz im Sinne des Gr\u00fcnders Egmont Baumgartner. Das Institut tr\u00e4gt seinen Namen \u2013 seine Ideen und sein Geist zur betrieblichen Gesundheitsvorsorge k\u00f6nnen sich dort weiter entfalten. Das [&hellip;]\" \/>\n<meta property=\"og:url\" content=\"https:\/\/arbeitsmedizin-hall.at\/index.php\/ueber-uns\/egmont-baumgartner-institut\/\" \/>\n<meta property=\"og:site_name\" content=\"Arbeitsmedizinisches Zentrum Hall in Tirol\" \/>\n<meta property=\"article:modified_time\" content=\"2026-02-20T10:30:07+00:00\" \/>\n<meta property=\"og:image\" content=\"https:\/\/arbeitsmedizin-hall.at\/wp-content\/uploads\/2025\/09\/AMZ-Portrait-I.-Baumgartner-16.09.2025-Webgroesse-3-1.jpg\" \/>\n\t<meta property=\"og:image:width\" content=\"1047\" \/>\n\t<meta property=\"og:image:height\" content=\"1047\" \/>\n\t<meta property=\"og:image:type\" content=\"image\/jpeg\" \/>\n<meta name=\"twitter:card\" content=\"summary_large_image\" \/>\n<meta name=\"twitter:label1\" content=\"Gesch\u00e4tzte Lesezeit\" \/>\n\t<meta name=\"twitter:data1\" content=\"2 Minuten\" \/>\n<script type=\"application\/ld+json\" class=\"yoast-schema-graph\">{\"@context\":\"https:\/\/schema.org\",\"@graph\":[{\"@type\":\"WebPage\",\"@id\":\"https:\/\/arbeitsmedizin-hall.at\/index.php\/ueber-uns\/egmont-baumgartner-institut\/\",\"url\":\"https:\/\/arbeitsmedizin-hall.at\/index.php\/ueber-uns\/egmont-baumgartner-institut\/\",\"name\":\"EGMONT BAUMGARTNER INSTITUT - Arbeitsmedizinisches Zentrum Hall in Tirol\",\"isPartOf\":{\"@id\":\"https:\/\/arbeitsmedizin-hall.at\/#website\"},\"primaryImageOfPage\":{\"@id\":\"https:\/\/arbeitsmedizin-hall.at\/index.php\/ueber-uns\/egmont-baumgartner-institut\/#primaryimage\"},\"image\":{\"@id\":\"https:\/\/arbeitsmedizin-hall.at\/index.php\/ueber-uns\/egmont-baumgartner-institut\/#primaryimage\"},\"thumbnailUrl\":\"https:\/\/arbeitsmedizin-hall.at\/wp-content\/uploads\/2025\/09\/AMZ-Portrait-I.-Baumgartner-16.09.2025-Webgroesse-3-1-1024x1024.jpg\",\"datePublished\":\"2025-08-12T06:46:26+00:00\",\"dateModified\":\"2026-02-20T10:30:07+00:00\",\"breadcrumb\":{\"@id\":\"https:\/\/arbeitsmedizin-hall.at\/index.php\/ueber-uns\/egmont-baumgartner-institut\/#breadcrumb\"},\"inLanguage\":\"de-AT\",\"potentialAction\":[{\"@type\":\"ReadAction\",\"target\":[\"https:\/\/arbeitsmedizin-hall.at\/index.php\/ueber-uns\/egmont-baumgartner-institut\/\"]}]},{\"@type\":\"ImageObject\",\"inLanguage\":\"de-AT\",\"@id\":\"https:\/\/arbeitsmedizin-hall.at\/index.php\/ueber-uns\/egmont-baumgartner-institut\/#primaryimage\",\"url\":\"https:\/\/arbeitsmedizin-hall.at\/wp-content\/uploads\/2025\/09\/AMZ-Portrait-I.-Baumgartner-16.09.2025-Webgroesse-3-1.jpg\",\"contentUrl\":\"https:\/\/arbeitsmedizin-hall.at\/wp-content\/uploads\/2025\/09\/AMZ-Portrait-I.-Baumgartner-16.09.2025-Webgroesse-3-1.jpg\",\"width\":1047,\"height\":1047},{\"@type\":\"BreadcrumbList\",\"@id\":\"https:\/\/arbeitsmedizin-hall.at\/index.php\/ueber-uns\/egmont-baumgartner-institut\/#breadcrumb\",\"itemListElement\":[{\"@type\":\"ListItem\",\"position\":1,\"name\":\"Startseite\",\"item\":\"https:\/\/arbeitsmedizin-hall.at\/\"},{\"@type\":\"ListItem\",\"position\":2,\"name\":\"\u00dcBER UNS\",\"item\":\"https:\/\/arbeitsmedizin-hall.at\/index.php\/ueber-uns\/\"},{\"@type\":\"ListItem\",\"position\":3,\"name\":\"EGMONT BAUMGARTNER INSTITUT\"}]},{\"@type\":\"WebSite\",\"@id\":\"https:\/\/arbeitsmedizin-hall.at\/#website\",\"url\":\"https:\/\/arbeitsmedizin-hall.at\/\",\"name\":\"Arbeitsmedizinisches Zentrum Hall in Tirol\",\"description\":\"\",\"publisher\":{\"@id\":\"https:\/\/arbeitsmedizin-hall.at\/#organization\"},\"potentialAction\":[{\"@type\":\"SearchAction\",\"target\":{\"@type\":\"EntryPoint\",\"urlTemplate\":\"https:\/\/arbeitsmedizin-hall.at\/?s={search_term_string}\"},\"query-input\":{\"@type\":\"PropertyValueSpecification\",\"valueRequired\":true,\"valueName\":\"search_term_string\"}}],\"inLanguage\":\"de-AT\"},{\"@type\":\"Organization\",\"@id\":\"https:\/\/arbeitsmedizin-hall.at\/#organization\",\"name\":\"Arbeitsmedizinisches Zentrum Hall in Tirol\",\"url\":\"https:\/\/arbeitsmedizin-hall.at\/\",\"logo\":{\"@type\":\"ImageObject\",\"inLanguage\":\"de-AT\",\"@id\":\"https:\/\/arbeitsmedizin-hall.at\/#\/schema\/logo\/image\/\",\"url\":\"https:\/\/arbeitsmedizin-hall.at\/wp-content\/uploads\/2025\/03\/2025_amz_logo-1.png\",\"contentUrl\":\"https:\/\/arbeitsmedizin-hall.at\/wp-content\/uploads\/2025\/03\/2025_amz_logo-1.png\",\"width\":842,\"height\":287,\"caption\":\"Arbeitsmedizinisches Zentrum Hall in Tirol\"},\"image\":{\"@id\":\"https:\/\/arbeitsmedizin-hall.at\/#\/schema\/logo\/image\/\"}}]}<\/script>\n<!-- \/ Yoast SEO plugin. -->","yoast_head_json":{"title":"EGMONT BAUMGARTNER INSTITUT - Arbeitsmedizinisches Zentrum Hall in Tirol","robots":{"index":"index","follow":"follow","max-snippet":"max-snippet:-1","max-image-preview":"max-image-preview:large","max-video-preview":"max-video-preview:-1"},"canonical":"https:\/\/arbeitsmedizin-hall.at\/index.php\/ueber-uns\/egmont-baumgartner-institut\/","og_locale":"de_DE","og_type":"article","og_title":"EGMONT BAUMGARTNER INSTITUT - Arbeitsmedizinisches Zentrum Hall in Tirol","og_description":"EGMONT BAUMGARTNER INSTITUT GEMEINN\u00dcTZIGKEIT ALS MOTIVATION Hinter der AMZ Hall GmbH steht ein gemeinn\u00fctziger Verein, der die Konzeption der Arbeitsmedizin jenseits des Tagesbetriebs reflektiert und weiter entwickelt \u2013 ganz im Sinne des Gr\u00fcnders Egmont Baumgartner. Das Institut tr\u00e4gt seinen Namen \u2013 seine Ideen und sein Geist zur betrieblichen Gesundheitsvorsorge k\u00f6nnen sich dort weiter entfalten. Das [&hellip;]","og_url":"https:\/\/arbeitsmedizin-hall.at\/index.php\/ueber-uns\/egmont-baumgartner-institut\/","og_site_name":"Arbeitsmedizinisches Zentrum Hall in Tirol","article_modified_time":"2026-02-20T10:30:07+00:00","og_image":[{"width":1047,"height":1047,"url":"https:\/\/arbeitsmedizin-hall.at\/wp-content\/uploads\/2025\/09\/AMZ-Portrait-I.-Baumgartner-16.09.2025-Webgroesse-3-1.jpg","type":"image\/jpeg"}],"twitter_card":"summary_large_image","twitter_misc":{"Gesch\u00e4tzte Lesezeit":"2 Minuten"},"schema":{"@context":"https:\/\/schema.org","@graph":[{"@type":"WebPage","@id":"https:\/\/arbeitsmedizin-hall.at\/index.php\/ueber-uns\/egmont-baumgartner-institut\/","url":"https:\/\/arbeitsmedizin-hall.at\/index.php\/ueber-uns\/egmont-baumgartner-institut\/","name":"EGMONT BAUMGARTNER INSTITUT - Arbeitsmedizinisches Zentrum Hall in Tirol","isPartOf":{"@id":"https:\/\/arbeitsmedizin-hall.at\/#website"},"primaryImageOfPage":{"@id":"https:\/\/arbeitsmedizin-hall.at\/index.php\/ueber-uns\/egmont-baumgartner-institut\/#primaryimage"},"image":{"@id":"https:\/\/arbeitsmedizin-hall.at\/index.php\/ueber-uns\/egmont-baumgartner-institut\/#primaryimage"},"thumbnailUrl":"https:\/\/arbeitsmedizin-hall.at\/wp-content\/uploads\/2025\/09\/AMZ-Portrait-I.-Baumgartner-16.09.2025-Webgroesse-3-1-1024x1024.jpg","datePublished":"2025-08-12T06:46:26+00:00","dateModified":"2026-02-20T10:30:07+00:00","breadcrumb":{"@id":"https:\/\/arbeitsmedizin-hall.at\/index.php\/ueber-uns\/egmont-baumgartner-institut\/#breadcrumb"},"inLanguage":"de-AT","potentialAction":[{"@type":"ReadAction","target":["https:\/\/arbeitsmedizin-hall.at\/index.php\/ueber-uns\/egmont-baumgartner-institut\/"]}]},{"@type":"ImageObject","inLanguage":"de-AT","@id":"https:\/\/arbeitsmedizin-hall.at\/index.php\/ueber-uns\/egmont-baumgartner-institut\/#primaryimage","url":"https:\/\/arbeitsmedizin-hall.at\/wp-content\/uploads\/2025\/09\/AMZ-Portrait-I.-Baumgartner-16.09.2025-Webgroesse-3-1.jpg","contentUrl":"https:\/\/arbeitsmedizin-hall.at\/wp-content\/uploads\/2025\/09\/AMZ-Portrait-I.-Baumgartner-16.09.2025-Webgroesse-3-1.jpg","width":1047,"height":1047},{"@type":"BreadcrumbList","@id":"https:\/\/arbeitsmedizin-hall.at\/index.php\/ueber-uns\/egmont-baumgartner-institut\/#breadcrumb","itemListElement":[{"@type":"ListItem","position":1,"name":"Startseite","item":"https:\/\/arbeitsmedizin-hall.at\/"},{"@type":"ListItem","position":2,"name":"\u00dcBER UNS","item":"https:\/\/arbeitsmedizin-hall.at\/index.php\/ueber-uns\/"},{"@type":"ListItem","position":3,"name":"EGMONT BAUMGARTNER INSTITUT"}]},{"@type":"WebSite","@id":"https:\/\/arbeitsmedizin-hall.at\/#website","url":"https:\/\/arbeitsmedizin-hall.at\/","name":"Arbeitsmedizinisches Zentrum Hall in Tirol","description":"","publisher":{"@id":"https:\/\/arbeitsmedizin-hall.at\/#organization"},"potentialAction":[{"@type":"SearchAction","target":{"@type":"EntryPoint","urlTemplate":"https:\/\/arbeitsmedizin-hall.at\/?s={search_term_string}"},"query-input":{"@type":"PropertyValueSpecification","valueRequired":true,"valueName":"search_term_string"}}],"inLanguage":"de-AT"},{"@type":"Organization","@id":"https:\/\/arbeitsmedizin-hall.at\/#organization","name":"Arbeitsmedizinisches Zentrum Hall in Tirol","url":"https:\/\/arbeitsmedizin-hall.at\/","logo":{"@type":"ImageObject","inLanguage":"de-AT","@id":"https:\/\/arbeitsmedizin-hall.at\/#\/schema\/logo\/image\/","url":"https:\/\/arbeitsmedizin-hall.at\/wp-content\/uploads\/2025\/03\/2025_amz_logo-1.png","contentUrl":"https:\/\/arbeitsmedizin-hall.at\/wp-content\/uploads\/2025\/03\/2025_amz_logo-1.png","width":842,"height":287,"caption":"Arbeitsmedizinisches Zentrum Hall in Tirol"},"image":{"@id":"https:\/\/arbeitsmedizin-hall.at\/#\/schema\/logo\/image\/"}}]}},"_links":{"self":[{"href":"https:\/\/arbeitsmedizin-hall.at\/index.php\/wp-json\/wp\/v2\/pages\/131","targetHints":{"allow":["GET"]}}],"collection":[{"href":"https:\/\/arbeitsmedizin-hall.at\/index.php\/wp-json\/wp\/v2\/pages"}],"about":[{"href":"https:\/\/arbeitsmedizin-hall.at\/index.php\/wp-json\/wp\/v2\/types\/page"}],"author":[{"embeddable":true,"href":"https:\/\/arbeitsmedizin-hall.at\/index.php\/wp-json\/wp\/v2\/users\/1"}],"replies":[{"embeddable":true,"href":"https:\/\/arbeitsmedizin-hall.at\/index.php\/wp-json\/wp\/v2\/comments?post=131"}],"version-history":[{"count":4,"href":"https:\/\/arbeitsmedizin-hall.at\/index.php\/wp-json\/wp\/v2\/pages\/131\/revisions"}],"predecessor-version":[{"id":1842,"href":"https:\/\/arbeitsmedizin-hall.at\/index.php\/wp-json\/wp\/v2\/pages\/131\/revisions\/1842"}],"up":[{"embeddable":true,"href":"https:\/\/arbeitsmedizin-hall.at\/index.php\/wp-json\/wp\/v2\/pages\/120"}],"wp:attachment":[{"href":"https:\/\/arbeitsmedizin-hall.at\/index.php\/wp-json\/wp\/v2\/media?parent=131"}],"curies":[{"name":"wp","href":"https:\/\/api.w.org\/{rel}","templated":true}]}}