{"id":122,"date":"2025-08-11T07:31:29","date_gmt":"2025-08-11T07:31:29","guid":{"rendered":"https:\/\/www.testevita.com\/amz\/?page_id=122"},"modified":"2025-11-27T08:10:55","modified_gmt":"2025-11-27T08:10:55","slug":"amz-hall","status":"publish","type":"page","link":"https:\/\/arbeitsmedizin-hall.at\/index.php\/ueber-uns\/amz-hall\/","title":{"rendered":"AMZ HALL"},"content":{"rendered":"\t\t<div data-elementor-type=\"wp-page\" data-elementor-id=\"122\" class=\"elementor elementor-122\" data-elementor-post-type=\"page\">\n\t\t\t\t\t\t<section class=\"elementor-section elementor-top-section elementor-element elementor-element-50a0a06f elementor-section-height-min-height elementor-section-boxed elementor-section-height-default elementor-section-items-middle\" data-id=\"50a0a06f\" data-element_type=\"section\" data-settings=\"{&quot;background_background&quot;:&quot;classic&quot;}\">\n\t\t\t\t\t\t\t<div class=\"elementor-background-overlay\"><\/div>\n\t\t\t\t\t\t\t<div class=\"elementor-container elementor-column-gap-default\">\n\t\t\t\t\t<div class=\"elementor-column elementor-col-100 elementor-top-column elementor-element elementor-element-14ec3ffc\" data-id=\"14ec3ffc\" data-element_type=\"column\">\n\t\t\t<div class=\"elementor-widget-wrap elementor-element-populated\">\n\t\t\t\t\t\t<div class=\"elementor-element elementor-element-14d803a8 elementor-widget elementor-widget-heading\" data-id=\"14d803a8\" data-element_type=\"widget\" data-widget_type=\"heading.default\">\n\t\t\t\t<div class=\"elementor-widget-container\">\n\t\t\t\t\t<h1 class=\"elementor-heading-title elementor-size-default\">DAS AMZ HALL<\/h1>\t\t\t\t<\/div>\n\t\t\t\t<\/div>\n\t\t\t\t\t<\/div>\n\t\t<\/div>\n\t\t\t\t\t<\/div>\n\t\t<\/section>\n\t\t\t\t<section class=\"elementor-section elementor-top-section elementor-element elementor-element-4c648df7 elementor-section-boxed elementor-section-height-default elementor-section-height-default\" data-id=\"4c648df7\" data-element_type=\"section\">\n\t\t\t\t\t\t<div class=\"elementor-container elementor-column-gap-default\">\n\t\t\t\t\t<div class=\"elementor-column elementor-col-50 elementor-top-column elementor-element elementor-element-77a99e6\" data-id=\"77a99e6\" data-element_type=\"column\">\n\t\t\t<div class=\"elementor-widget-wrap elementor-element-populated\">\n\t\t\t\t\t\t<section class=\"elementor-section elementor-inner-section elementor-element elementor-element-3d3f9831 elementor-section-boxed elementor-section-height-default elementor-section-height-default\" data-id=\"3d3f9831\" data-element_type=\"section\">\n\t\t\t\t\t\t<div class=\"elementor-container elementor-column-gap-default\">\n\t\t\t\t\t<div class=\"elementor-column elementor-col-50 elementor-inner-column elementor-element elementor-element-323c4fa6 elementor-hidden-mobile\" data-id=\"323c4fa6\" data-element_type=\"column\">\n\t\t\t<div class=\"elementor-widget-wrap elementor-element-populated\">\n\t\t\t\t\t\t<div class=\"elementor-element elementor-element-57be61c6 animated-slow elementor-invisible elementor-widget elementor-widget-image\" data-id=\"57be61c6\" data-element_type=\"widget\" data-settings=\"{&quot;_animation&quot;:&quot;fadeInUp&quot;}\" data-widget_type=\"image.default\">\n\t\t\t\t<div class=\"elementor-widget-container\">\n\t\t\t\t\t\t\t\t\t\t\t\t\t\t\t<img fetchpriority=\"high\" decoding=\"async\" width=\"1024\" height=\"683\" src=\"https:\/\/arbeitsmedizin-hall.at\/wp-content\/uploads\/2025\/11\/AMZ-Imagefotos-Fotografin-Christina-Gaio-24.Oktober2025-114212.jpg\" class=\"attachment-full size-full wp-image-1185\" alt=\"\" srcset=\"https:\/\/arbeitsmedizin-hall.at\/wp-content\/uploads\/2025\/11\/AMZ-Imagefotos-Fotografin-Christina-Gaio-24.Oktober2025-114212.jpg 1024w, https:\/\/arbeitsmedizin-hall.at\/wp-content\/uploads\/2025\/11\/AMZ-Imagefotos-Fotografin-Christina-Gaio-24.Oktober2025-114212-300x200.jpg 300w, https:\/\/arbeitsmedizin-hall.at\/wp-content\/uploads\/2025\/11\/AMZ-Imagefotos-Fotografin-Christina-Gaio-24.Oktober2025-114212-768x512.jpg 768w\" sizes=\"(max-width: 1024px) 100vw, 1024px\" \/>\t\t\t\t\t\t\t\t\t\t\t\t\t\t\t<\/div>\n\t\t\t\t<\/div>\n\t\t\t\t\t<\/div>\n\t\t<\/div>\n\t\t\t\t<div class=\"elementor-column elementor-col-50 elementor-inner-column elementor-element elementor-element-1ede61d4\" data-id=\"1ede61d4\" data-element_type=\"column\">\n\t\t\t<div class=\"elementor-widget-wrap elementor-element-populated\">\n\t\t\t\t\t\t<div class=\"elementor-element elementor-element-6d7b3e7b animated-slow elementor-invisible elementor-widget elementor-widget-image\" data-id=\"6d7b3e7b\" data-element_type=\"widget\" data-settings=\"{&quot;_animation&quot;:&quot;fadeInUp&quot;,&quot;_animation_delay&quot;:120}\" data-widget_type=\"image.default\">\n\t\t\t\t<div class=\"elementor-widget-container\">\n\t\t\t\t\t\t\t\t\t\t\t\t\t\t\t<img decoding=\"async\" width=\"1024\" height=\"1024\" src=\"https:\/\/arbeitsmedizin-hall.at\/wp-content\/uploads\/2025\/10\/AMZ-Portraitfoto-Fotografin-Christina-Gaio-07.Oktober2025-02.jpg\" class=\"attachment-full size-full wp-image-795\" alt=\"\" srcset=\"https:\/\/arbeitsmedizin-hall.at\/wp-content\/uploads\/2025\/10\/AMZ-Portraitfoto-Fotografin-Christina-Gaio-07.Oktober2025-02.jpg 1024w, https:\/\/arbeitsmedizin-hall.at\/wp-content\/uploads\/2025\/10\/AMZ-Portraitfoto-Fotografin-Christina-Gaio-07.Oktober2025-02-300x300.jpg 300w, https:\/\/arbeitsmedizin-hall.at\/wp-content\/uploads\/2025\/10\/AMZ-Portraitfoto-Fotografin-Christina-Gaio-07.Oktober2025-02-150x150.jpg 150w, https:\/\/arbeitsmedizin-hall.at\/wp-content\/uploads\/2025\/10\/AMZ-Portraitfoto-Fotografin-Christina-Gaio-07.Oktober2025-02-768x768.jpg 768w\" sizes=\"(max-width: 1024px) 100vw, 1024px\" \/>\t\t\t\t\t\t\t\t\t\t\t\t\t\t\t<\/div>\n\t\t\t\t<\/div>\n\t\t\t\t\t<\/div>\n\t\t<\/div>\n\t\t\t\t\t<\/div>\n\t\t<\/section>\n\t\t\t\t<section class=\"elementor-section elementor-inner-section elementor-element elementor-element-5b16f581 elementor-section-boxed elementor-section-height-default elementor-section-height-default\" data-id=\"5b16f581\" data-element_type=\"section\" data-settings=\"{&quot;background_background&quot;:&quot;classic&quot;}\">\n\t\t\t\t\t\t\t<div class=\"elementor-background-overlay\"><\/div>\n\t\t\t\t\t\t\t<div class=\"elementor-container elementor-column-gap-default\">\n\t\t\t\t\t<div class=\"elementor-column elementor-col-100 elementor-inner-column elementor-element elementor-element-5b537de7\" data-id=\"5b537de7\" data-element_type=\"column\" data-settings=\"{&quot;background_background&quot;:&quot;classic&quot;}\">\n\t\t\t<div class=\"elementor-widget-wrap elementor-element-populated\">\n\t\t\t\t\t\t<div class=\"elementor-element elementor-element-44b5cfbc elementor-widget elementor-widget-heading\" data-id=\"44b5cfbc\" data-element_type=\"widget\" data-widget_type=\"heading.default\">\n\t\t\t\t<div class=\"elementor-widget-container\">\n\t\t\t\t\t<h6 class=\"elementor-heading-title elementor-size-default\">Dr. Clemens Baumgartner MSc\nGesch\u00e4ftsf\u00fchrer &amp; Eigent\u00fcmervertreter<\/h6>\t\t\t\t<\/div>\n\t\t\t\t<\/div>\n\t\t\t\t\t<\/div>\n\t\t<\/div>\n\t\t\t\t\t<\/div>\n\t\t<\/section>\n\t\t\t\t\t<\/div>\n\t\t<\/div>\n\t\t\t\t<div class=\"elementor-column elementor-col-50 elementor-top-column elementor-element elementor-element-4def0185\" data-id=\"4def0185\" data-element_type=\"column\">\n\t\t\t<div class=\"elementor-widget-wrap elementor-element-populated\">\n\t\t\t\t\t\t<div class=\"elementor-element elementor-element-f7e6071 elementor-widget elementor-widget-heading\" data-id=\"f7e6071\" data-element_type=\"widget\" data-widget_type=\"heading.default\">\n\t\t\t\t<div class=\"elementor-widget-container\">\n\t\t\t\t\t<p class=\"elementor-heading-title elementor-size-default\">PIONIERE DER ARBEITSMEDIZIN<\/p>\t\t\t\t<\/div>\n\t\t\t\t<\/div>\n\t\t\t\t<div class=\"elementor-element elementor-element-44f64dd3 elementor-widget elementor-widget-heading\" data-id=\"44f64dd3\" data-element_type=\"widget\" data-widget_type=\"heading.default\">\n\t\t\t\t<div class=\"elementor-widget-container\">\n\t\t\t\t\t<h2 class=\"elementor-heading-title elementor-size-default\">\u201ePr\u00e4ventivmedizin muss in \u00d6sterreich st\u00e4rker in den Idealen der Medizin verankert werden \u2013 insbesondere die Arbeitsmedizin.\u201c<\/h2>\t\t\t\t<\/div>\n\t\t\t\t<\/div>\n\t\t\t\t<div class=\"elementor-element elementor-element-f49a962 elementor-widget elementor-widget-text-editor\" data-id=\"f49a962\" data-element_type=\"widget\" data-widget_type=\"text-editor.default\">\n\t\t\t\t<div class=\"elementor-widget-container\">\n\t\t\t\t\t\t\t\t\t<p><em>\u201eUnsere Geschichte illustriert die enge Verflechtung von fachlicher Kompetenz und Arbeitsmedizin in \u00d6sterreich, wie es nur das AMZ Hall bietet. Sein Gr\u00fcnder, OMR Univ. Prof. Dr. Egmont Baumgartner, darf als Pionier auf diesem Feld gelten.\u201c<\/em><\/p><p>Dr. med. univ. Clemens Baumgartner MSc, ist als Sohn von Egmont Baumgartner quasi in die Arbeitsmedizin hineingewachsen, wollte aber zuerst seinen eigenen Weg gehen und wurde Zahnarzt. 2005 trat Clemens Baumgartner in das Unternehmen ein und \u00fcbernahm 2010 auch die Gesch\u00e4ftsf\u00fchrung. Er absolvierte die Ausbildung zum Arbeitsmediziner und eine Wirtschaftsausbildung.<\/p><p>Die F\u00fchrungskompetenz ist auf verschiedene Akteure verteilt. Gemeinsam mit den Leiterinnen und Leitern der Arbeitsbereiche strebt die Gesch\u00e4ftsf\u00fchrung nach bestem Service f\u00fcr die Kundinnen und Kunden und der st\u00e4ndigen Weiterentwicklung der Kompetenzen des AMZ Hall in der Gesundheitsvorsorge.<\/p>\t\t\t\t\t\t\t\t<\/div>\n\t\t\t\t<\/div>\n\t\t\t\t\t<\/div>\n\t\t<\/div>\n\t\t\t\t\t<\/div>\n\t\t<\/section>\n\t\t<div class=\"elementor-element elementor-element-8fdc1c1 e-flex e-con-boxed e-con e-parent\" data-id=\"8fdc1c1\" data-element_type=\"container\">\n\t\t\t\t\t<div class=\"e-con-inner\">\n\t\t<div class=\"elementor-element elementor-element-3d5bdb2 e-flex e-con-boxed e-con e-child\" data-id=\"3d5bdb2\" data-element_type=\"container\">\n\t\t\t\t\t<div class=\"e-con-inner\">\n\t\t\t\t<div class=\"elementor-element elementor-element-3804fb7 elementor-widget__width-initial elementor-widget elementor-widget-image\" data-id=\"3804fb7\" data-element_type=\"widget\" data-widget_type=\"image.default\">\n\t\t\t\t<div class=\"elementor-widget-container\">\n\t\t\t\t\t\t\t\t\t\t\t\t\t\t\t<img decoding=\"async\" width=\"2560\" height=\"1697\" src=\"https:\/\/arbeitsmedizin-hall.at\/wp-content\/uploads\/2025\/08\/000009260018-scaled.jpg\" class=\"attachment-full size-full wp-image-188\" alt=\"\" srcset=\"https:\/\/arbeitsmedizin-hall.at\/wp-content\/uploads\/2025\/08\/000009260018-scaled.jpg 2560w, https:\/\/arbeitsmedizin-hall.at\/wp-content\/uploads\/2025\/08\/000009260018-300x199.jpg 300w, https:\/\/arbeitsmedizin-hall.at\/wp-content\/uploads\/2025\/08\/000009260018-1024x679.jpg 1024w, https:\/\/arbeitsmedizin-hall.at\/wp-content\/uploads\/2025\/08\/000009260018-768x509.jpg 768w, https:\/\/arbeitsmedizin-hall.at\/wp-content\/uploads\/2025\/08\/000009260018-1536x1018.jpg 1536w, https:\/\/arbeitsmedizin-hall.at\/wp-content\/uploads\/2025\/08\/000009260018-2048x1358.jpg 2048w\" sizes=\"(max-width: 2560px) 100vw, 2560px\" \/>\t\t\t\t\t\t\t\t\t\t\t\t\t\t\t<\/div>\n\t\t\t\t<\/div>\n\t\t<div class=\"elementor-element elementor-element-446ed5b e-con-full e-flex e-con e-child\" data-id=\"446ed5b\" data-element_type=\"container\">\n\t\t\t\t<div class=\"elementor-element elementor-element-0b90ad4 elementor-widget elementor-widget-heading\" data-id=\"0b90ad4\" data-element_type=\"widget\" data-widget_type=\"heading.default\">\n\t\t\t\t<div class=\"elementor-widget-container\">\n\t\t\t\t\t<h2 class=\"elementor-heading-title elementor-size-default\">\u00fcber den standort<\/h2>\t\t\t\t<\/div>\n\t\t\t\t<\/div>\n\t\t\t\t<div class=\"elementor-element elementor-element-d721fc2 elementor-widget elementor-widget-text-editor\" data-id=\"d721fc2\" data-element_type=\"widget\" data-widget_type=\"text-editor.default\">\n\t\t\t\t<div class=\"elementor-widget-container\">\n\t\t\t\t\t\t\t\t\t<p><span style=\"color: #ffffff;\">Seit 1995\u00a0befindet sich das AMZ Hall in einem markanten Geb\u00e4ude, das der Tiroler Architekt Hubert Prachensky\u00a0gestaltet hat. Das Haus ist umgeben von medizinischen Einrichtungen, gewisserma\u00dfen als Teil eines Gesundheitsclusters, der hier in Hall entstanden ist.<\/span><\/p>\t\t\t\t\t\t\t\t<\/div>\n\t\t\t\t<\/div>\n\t\t\t\t<\/div>\n\t\t\t\t\t<\/div>\n\t\t\t\t<\/div>\n\t\t\t\t\t<\/div>\n\t\t\t\t<\/div>\n\t\t\t\t<\/div>\n\t\t","protected":false},"excerpt":{"rendered":"<p>DAS AMZ HALL Dr. Clemens Baumgartner MSc Gesch\u00e4ftsf\u00fchrer &#038; Eigent\u00fcmervertreter PIONIERE DER ARBEITSMEDIZIN \u201ePr\u00e4ventivmedizin muss in \u00d6sterreich st\u00e4rker in den Idealen der Medizin verankert werden \u2013 insbesondere die Arbeitsmedizin.\u201c \u201eUnsere Geschichte illustriert die enge Verflechtung von fachlicher Kompetenz und Arbeitsmedizin in \u00d6sterreich, wie es nur das AMZ Hall bietet. Sein Gr\u00fcnder, OMR Univ. Prof. Dr. [&hellip;]<\/p>\n","protected":false},"author":1,"featured_media":0,"parent":120,"menu_order":0,"comment_status":"closed","ping_status":"closed","template":"elementor_header_footer","meta":{"footnotes":""},"class_list":["post-122","page","type-page","status-publish","hentry"],"yoast_head":"<!-- This site is optimized with the Yoast SEO plugin v26.8 - https:\/\/yoast.com\/product\/yoast-seo-wordpress\/ -->\n<title>AMZ HALL - Arbeitsmedizinisches Zentrum Hall in Tirol<\/title>\n<meta name=\"robots\" content=\"index, follow, max-snippet:-1, max-image-preview:large, max-video-preview:-1\" \/>\n<link rel=\"canonical\" href=\"https:\/\/arbeitsmedizin-hall.at\/index.php\/ueber-uns\/amz-hall\/\" \/>\n<meta property=\"og:locale\" content=\"de_DE\" \/>\n<meta property=\"og:type\" content=\"article\" \/>\n<meta property=\"og:title\" content=\"AMZ HALL - Arbeitsmedizinisches Zentrum Hall in Tirol\" \/>\n<meta property=\"og:description\" content=\"DAS AMZ HALL Dr. Clemens Baumgartner MSc Gesch\u00e4ftsf\u00fchrer &#038; Eigent\u00fcmervertreter PIONIERE DER ARBEITSMEDIZIN \u201ePr\u00e4ventivmedizin muss in \u00d6sterreich st\u00e4rker in den Idealen der Medizin verankert werden \u2013 insbesondere die Arbeitsmedizin.\u201c \u201eUnsere Geschichte illustriert die enge Verflechtung von fachlicher Kompetenz und Arbeitsmedizin in \u00d6sterreich, wie es nur das AMZ Hall bietet. Sein Gr\u00fcnder, OMR Univ. Prof. Dr. [&hellip;]\" \/>\n<meta property=\"og:url\" content=\"https:\/\/arbeitsmedizin-hall.at\/index.php\/ueber-uns\/amz-hall\/\" \/>\n<meta property=\"og:site_name\" content=\"Arbeitsmedizinisches Zentrum Hall in Tirol\" \/>\n<meta property=\"article:modified_time\" content=\"2025-11-27T08:10:55+00:00\" \/>\n<meta property=\"og:image\" content=\"https:\/\/arbeitsmedizin-hall.at\/wp-content\/uploads\/2025\/11\/AMZ-Imagefotos-Fotografin-Christina-Gaio-24.Oktober2025-114212.jpg\" \/>\n<meta name=\"twitter:card\" content=\"summary_large_image\" \/>\n<meta name=\"twitter:label1\" content=\"Gesch\u00e4tzte Lesezeit\" \/>\n\t<meta name=\"twitter:data1\" content=\"1 Minute\" \/>\n<script type=\"application\/ld+json\" class=\"yoast-schema-graph\">{\"@context\":\"https:\/\/schema.org\",\"@graph\":[{\"@type\":\"WebPage\",\"@id\":\"https:\/\/arbeitsmedizin-hall.at\/index.php\/ueber-uns\/amz-hall\/\",\"url\":\"https:\/\/arbeitsmedizin-hall.at\/index.php\/ueber-uns\/amz-hall\/\",\"name\":\"AMZ HALL - Arbeitsmedizinisches Zentrum Hall in Tirol\",\"isPartOf\":{\"@id\":\"https:\/\/arbeitsmedizin-hall.at\/#website\"},\"primaryImageOfPage\":{\"@id\":\"https:\/\/arbeitsmedizin-hall.at\/index.php\/ueber-uns\/amz-hall\/#primaryimage\"},\"image\":{\"@id\":\"https:\/\/arbeitsmedizin-hall.at\/index.php\/ueber-uns\/amz-hall\/#primaryimage\"},\"thumbnailUrl\":\"https:\/\/arbeitsmedizin-hall.at\/wp-content\/uploads\/2025\/11\/AMZ-Imagefotos-Fotografin-Christina-Gaio-24.Oktober2025-114212.jpg\",\"datePublished\":\"2025-08-11T07:31:29+00:00\",\"dateModified\":\"2025-11-27T08:10:55+00:00\",\"breadcrumb\":{\"@id\":\"https:\/\/arbeitsmedizin-hall.at\/index.php\/ueber-uns\/amz-hall\/#breadcrumb\"},\"inLanguage\":\"de-AT\",\"potentialAction\":[{\"@type\":\"ReadAction\",\"target\":[\"https:\/\/arbeitsmedizin-hall.at\/index.php\/ueber-uns\/amz-hall\/\"]}]},{\"@type\":\"ImageObject\",\"inLanguage\":\"de-AT\",\"@id\":\"https:\/\/arbeitsmedizin-hall.at\/index.php\/ueber-uns\/amz-hall\/#primaryimage\",\"url\":\"https:\/\/arbeitsmedizin-hall.at\/wp-content\/uploads\/2025\/11\/AMZ-Imagefotos-Fotografin-Christina-Gaio-24.Oktober2025-114212.jpg\",\"contentUrl\":\"https:\/\/arbeitsmedizin-hall.at\/wp-content\/uploads\/2025\/11\/AMZ-Imagefotos-Fotografin-Christina-Gaio-24.Oktober2025-114212.jpg\",\"width\":1024,\"height\":683},{\"@type\":\"BreadcrumbList\",\"@id\":\"https:\/\/arbeitsmedizin-hall.at\/index.php\/ueber-uns\/amz-hall\/#breadcrumb\",\"itemListElement\":[{\"@type\":\"ListItem\",\"position\":1,\"name\":\"Startseite\",\"item\":\"https:\/\/arbeitsmedizin-hall.at\/\"},{\"@type\":\"ListItem\",\"position\":2,\"name\":\"\u00dcBER UNS\",\"item\":\"https:\/\/arbeitsmedizin-hall.at\/index.php\/ueber-uns\/\"},{\"@type\":\"ListItem\",\"position\":3,\"name\":\"AMZ HALL\"}]},{\"@type\":\"WebSite\",\"@id\":\"https:\/\/arbeitsmedizin-hall.at\/#website\",\"url\":\"https:\/\/arbeitsmedizin-hall.at\/\",\"name\":\"Arbeitsmedizinisches Zentrum Hall in Tirol\",\"description\":\"\",\"publisher\":{\"@id\":\"https:\/\/arbeitsmedizin-hall.at\/#organization\"},\"potentialAction\":[{\"@type\":\"SearchAction\",\"target\":{\"@type\":\"EntryPoint\",\"urlTemplate\":\"https:\/\/arbeitsmedizin-hall.at\/?s={search_term_string}\"},\"query-input\":{\"@type\":\"PropertyValueSpecification\",\"valueRequired\":true,\"valueName\":\"search_term_string\"}}],\"inLanguage\":\"de-AT\"},{\"@type\":\"Organization\",\"@id\":\"https:\/\/arbeitsmedizin-hall.at\/#organization\",\"name\":\"Arbeitsmedizinisches Zentrum Hall in Tirol\",\"url\":\"https:\/\/arbeitsmedizin-hall.at\/\",\"logo\":{\"@type\":\"ImageObject\",\"inLanguage\":\"de-AT\",\"@id\":\"https:\/\/arbeitsmedizin-hall.at\/#\/schema\/logo\/image\/\",\"url\":\"https:\/\/arbeitsmedizin-hall.at\/wp-content\/uploads\/2025\/03\/2025_amz_logo-1.png\",\"contentUrl\":\"https:\/\/arbeitsmedizin-hall.at\/wp-content\/uploads\/2025\/03\/2025_amz_logo-1.png\",\"width\":842,\"height\":287,\"caption\":\"Arbeitsmedizinisches Zentrum Hall in Tirol\"},\"image\":{\"@id\":\"https:\/\/arbeitsmedizin-hall.at\/#\/schema\/logo\/image\/\"}}]}<\/script>\n<!-- \/ Yoast SEO plugin. -->","yoast_head_json":{"title":"AMZ HALL - Arbeitsmedizinisches Zentrum Hall in Tirol","robots":{"index":"index","follow":"follow","max-snippet":"max-snippet:-1","max-image-preview":"max-image-preview:large","max-video-preview":"max-video-preview:-1"},"canonical":"https:\/\/arbeitsmedizin-hall.at\/index.php\/ueber-uns\/amz-hall\/","og_locale":"de_DE","og_type":"article","og_title":"AMZ HALL - Arbeitsmedizinisches Zentrum Hall in Tirol","og_description":"DAS AMZ HALL Dr. Clemens Baumgartner MSc Gesch\u00e4ftsf\u00fchrer &#038; Eigent\u00fcmervertreter PIONIERE DER ARBEITSMEDIZIN \u201ePr\u00e4ventivmedizin muss in \u00d6sterreich st\u00e4rker in den Idealen der Medizin verankert werden \u2013 insbesondere die Arbeitsmedizin.\u201c \u201eUnsere Geschichte illustriert die enge Verflechtung von fachlicher Kompetenz und Arbeitsmedizin in \u00d6sterreich, wie es nur das AMZ Hall bietet. Sein Gr\u00fcnder, OMR Univ. Prof. Dr. [&hellip;]","og_url":"https:\/\/arbeitsmedizin-hall.at\/index.php\/ueber-uns\/amz-hall\/","og_site_name":"Arbeitsmedizinisches Zentrum Hall in Tirol","article_modified_time":"2025-11-27T08:10:55+00:00","og_image":[{"url":"https:\/\/arbeitsmedizin-hall.at\/wp-content\/uploads\/2025\/11\/AMZ-Imagefotos-Fotografin-Christina-Gaio-24.Oktober2025-114212.jpg","type":"","width":"","height":""}],"twitter_card":"summary_large_image","twitter_misc":{"Gesch\u00e4tzte Lesezeit":"1 Minute"},"schema":{"@context":"https:\/\/schema.org","@graph":[{"@type":"WebPage","@id":"https:\/\/arbeitsmedizin-hall.at\/index.php\/ueber-uns\/amz-hall\/","url":"https:\/\/arbeitsmedizin-hall.at\/index.php\/ueber-uns\/amz-hall\/","name":"AMZ HALL - Arbeitsmedizinisches Zentrum Hall in Tirol","isPartOf":{"@id":"https:\/\/arbeitsmedizin-hall.at\/#website"},"primaryImageOfPage":{"@id":"https:\/\/arbeitsmedizin-hall.at\/index.php\/ueber-uns\/amz-hall\/#primaryimage"},"image":{"@id":"https:\/\/arbeitsmedizin-hall.at\/index.php\/ueber-uns\/amz-hall\/#primaryimage"},"thumbnailUrl":"https:\/\/arbeitsmedizin-hall.at\/wp-content\/uploads\/2025\/11\/AMZ-Imagefotos-Fotografin-Christina-Gaio-24.Oktober2025-114212.jpg","datePublished":"2025-08-11T07:31:29+00:00","dateModified":"2025-11-27T08:10:55+00:00","breadcrumb":{"@id":"https:\/\/arbeitsmedizin-hall.at\/index.php\/ueber-uns\/amz-hall\/#breadcrumb"},"inLanguage":"de-AT","potentialAction":[{"@type":"ReadAction","target":["https:\/\/arbeitsmedizin-hall.at\/index.php\/ueber-uns\/amz-hall\/"]}]},{"@type":"ImageObject","inLanguage":"de-AT","@id":"https:\/\/arbeitsmedizin-hall.at\/index.php\/ueber-uns\/amz-hall\/#primaryimage","url":"https:\/\/arbeitsmedizin-hall.at\/wp-content\/uploads\/2025\/11\/AMZ-Imagefotos-Fotografin-Christina-Gaio-24.Oktober2025-114212.jpg","contentUrl":"https:\/\/arbeitsmedizin-hall.at\/wp-content\/uploads\/2025\/11\/AMZ-Imagefotos-Fotografin-Christina-Gaio-24.Oktober2025-114212.jpg","width":1024,"height":683},{"@type":"BreadcrumbList","@id":"https:\/\/arbeitsmedizin-hall.at\/index.php\/ueber-uns\/amz-hall\/#breadcrumb","itemListElement":[{"@type":"ListItem","position":1,"name":"Startseite","item":"https:\/\/arbeitsmedizin-hall.at\/"},{"@type":"ListItem","position":2,"name":"\u00dcBER UNS","item":"https:\/\/arbeitsmedizin-hall.at\/index.php\/ueber-uns\/"},{"@type":"ListItem","position":3,"name":"AMZ HALL"}]},{"@type":"WebSite","@id":"https:\/\/arbeitsmedizin-hall.at\/#website","url":"https:\/\/arbeitsmedizin-hall.at\/","name":"Arbeitsmedizinisches Zentrum Hall in Tirol","description":"","publisher":{"@id":"https:\/\/arbeitsmedizin-hall.at\/#organization"},"potentialAction":[{"@type":"SearchAction","target":{"@type":"EntryPoint","urlTemplate":"https:\/\/arbeitsmedizin-hall.at\/?s={search_term_string}"},"query-input":{"@type":"PropertyValueSpecification","valueRequired":true,"valueName":"search_term_string"}}],"inLanguage":"de-AT"},{"@type":"Organization","@id":"https:\/\/arbeitsmedizin-hall.at\/#organization","name":"Arbeitsmedizinisches Zentrum Hall in Tirol","url":"https:\/\/arbeitsmedizin-hall.at\/","logo":{"@type":"ImageObject","inLanguage":"de-AT","@id":"https:\/\/arbeitsmedizin-hall.at\/#\/schema\/logo\/image\/","url":"https:\/\/arbeitsmedizin-hall.at\/wp-content\/uploads\/2025\/03\/2025_amz_logo-1.png","contentUrl":"https:\/\/arbeitsmedizin-hall.at\/wp-content\/uploads\/2025\/03\/2025_amz_logo-1.png","width":842,"height":287,"caption":"Arbeitsmedizinisches Zentrum Hall in Tirol"},"image":{"@id":"https:\/\/arbeitsmedizin-hall.at\/#\/schema\/logo\/image\/"}}]}},"_links":{"self":[{"href":"https:\/\/arbeitsmedizin-hall.at\/index.php\/wp-json\/wp\/v2\/pages\/122","targetHints":{"allow":["GET"]}}],"collection":[{"href":"https:\/\/arbeitsmedizin-hall.at\/index.php\/wp-json\/wp\/v2\/pages"}],"about":[{"href":"https:\/\/arbeitsmedizin-hall.at\/index.php\/wp-json\/wp\/v2\/types\/page"}],"author":[{"embeddable":true,"href":"https:\/\/arbeitsmedizin-hall.at\/index.php\/wp-json\/wp\/v2\/users\/1"}],"replies":[{"embeddable":true,"href":"https:\/\/arbeitsmedizin-hall.at\/index.php\/wp-json\/wp\/v2\/comments?post=122"}],"version-history":[{"count":0,"href":"https:\/\/arbeitsmedizin-hall.at\/index.php\/wp-json\/wp\/v2\/pages\/122\/revisions"}],"up":[{"embeddable":true,"href":"https:\/\/arbeitsmedizin-hall.at\/index.php\/wp-json\/wp\/v2\/pages\/120"}],"wp:attachment":[{"href":"https:\/\/arbeitsmedizin-hall.at\/index.php\/wp-json\/wp\/v2\/media?parent=122"}],"curies":[{"name":"wp","href":"https:\/\/api.w.org\/{rel}","templated":true}]}}