{"id":120,"date":"2025-08-11T07:30:44","date_gmt":"2025-08-11T07:30:44","guid":{"rendered":"https:\/\/www.testevita.com\/amz\/?page_id=120"},"modified":"2025-11-18T10:16:07","modified_gmt":"2025-11-18T10:16:07","slug":"ueber-uns","status":"publish","type":"page","link":"https:\/\/arbeitsmedizin-hall.at\/index.php\/ueber-uns\/","title":{"rendered":"\u00dcBER UNS"},"content":{"rendered":"\t\t<div data-elementor-type=\"wp-page\" data-elementor-id=\"120\" class=\"elementor elementor-120\" data-elementor-post-type=\"page\">\n\t\t\t\t\t\t<section class=\"elementor-section elementor-top-section elementor-element elementor-element-511662eb elementor-section-height-min-height elementor-section-boxed elementor-section-height-default elementor-section-items-middle\" data-id=\"511662eb\" data-element_type=\"section\" data-settings=\"{&quot;background_background&quot;:&quot;classic&quot;}\">\n\t\t\t\t\t\t\t<div class=\"elementor-background-overlay\"><\/div>\n\t\t\t\t\t\t\t<div class=\"elementor-container elementor-column-gap-default\">\n\t\t\t\t\t<div class=\"elementor-column elementor-col-100 elementor-top-column elementor-element elementor-element-655a51ba\" data-id=\"655a51ba\" data-element_type=\"column\">\n\t\t\t<div class=\"elementor-widget-wrap elementor-element-populated\">\n\t\t\t\t\t\t<div class=\"elementor-element elementor-element-5a3c5c11 elementor-widget elementor-widget-heading\" data-id=\"5a3c5c11\" data-element_type=\"widget\" data-widget_type=\"heading.default\">\n\t\t\t\t<div class=\"elementor-widget-container\">\n\t\t\t\t\t<h1 class=\"elementor-heading-title elementor-size-default\">\u00dcBER UNS<\/h1>\t\t\t\t<\/div>\n\t\t\t\t<\/div>\n\t\t\t\t\t<\/div>\n\t\t<\/div>\n\t\t\t\t\t<\/div>\n\t\t<\/section>\n\t\t\t\t<section class=\"elementor-section elementor-top-section elementor-element elementor-element-36ae1e08 elementor-section-boxed elementor-section-height-default elementor-section-height-default\" data-id=\"36ae1e08\" data-element_type=\"section\">\n\t\t\t\t\t\t<div class=\"elementor-container elementor-column-gap-default\">\n\t\t\t\t\t<div class=\"elementor-column elementor-col-50 elementor-top-column elementor-element elementor-element-5fb4789f\" data-id=\"5fb4789f\" data-element_type=\"column\">\n\t\t\t<div class=\"elementor-widget-wrap elementor-element-populated\">\n\t\t\t\t\t\t<div class=\"elementor-element elementor-element-2a786060 elementor-widget elementor-widget-heading\" data-id=\"2a786060\" data-element_type=\"widget\" data-widget_type=\"heading.default\">\n\t\t\t\t<div class=\"elementor-widget-container\">\n\t\t\t\t\t<p class=\"elementor-heading-title elementor-size-default\">WILLKOMMEN IM ARBEITSMEDIZINISCHEN ZENTRUM HALL IN TIROL<\/p>\t\t\t\t<\/div>\n\t\t\t\t<\/div>\n\t\t\t\t<div class=\"elementor-element elementor-element-778e8264 elementor-widget elementor-widget-heading\" data-id=\"778e8264\" data-element_type=\"widget\" data-widget_type=\"heading.default\">\n\t\t\t\t<div class=\"elementor-widget-container\">\n\t\t\t\t\t<h2 class=\"elementor-heading-title elementor-size-default\">KOMPETENZ UND MEHRWERT<\/h2>\t\t\t\t<\/div>\n\t\t\t\t<\/div>\n\t\t\t\t<div class=\"elementor-element elementor-element-69841958 elementor-widget elementor-widget-text-editor\" data-id=\"69841958\" data-element_type=\"widget\" data-widget_type=\"text-editor.default\">\n\t\t\t\t<div class=\"elementor-widget-container\">\n\t\t\t\t\t\t\t\t\t<p>Das AMZ Hall in Tirol ist Ihr kompetenter Partner in allen Belangen der Gesundheit am Arbeitsplatz. Mit uns k\u00f6nnen gro\u00dfe und kleine Betriebe ihre gesetzlichen Pflichten wahrnehmen. Unsere Services schaffen Mehrwert, von dem das ganze Unternehmen profitiert. <strong>Das AMZ Hall bietet alles aus einer Hand auf Basis seiner breiten Erfahrung: Arbeitsmedizin, Arbeitspsychologie und Arbeitssicherheit.<\/strong><\/p><p>Zudem ist das AMZ Hall auf Bundes- und Landesebene beh\u00f6rdlich erm\u00e4chtigt, s\u00e4mtliche Eignungspr\u00fcfungen f\u00fcr alle Berufe durchzuf\u00fchren.<\/p>\t\t\t\t\t\t\t\t<\/div>\n\t\t\t\t<\/div>\n\t\t\t\t\t<\/div>\n\t\t<\/div>\n\t\t\t\t<div class=\"elementor-column elementor-col-50 elementor-top-column elementor-element elementor-element-6f0956de\" data-id=\"6f0956de\" data-element_type=\"column\">\n\t\t\t<div class=\"elementor-widget-wrap elementor-element-populated\">\n\t\t\t\t\t\t<section class=\"elementor-section elementor-inner-section elementor-element elementor-element-1d41ccf2 elementor-section-boxed elementor-section-height-default elementor-section-height-default\" data-id=\"1d41ccf2\" data-element_type=\"section\">\n\t\t\t\t\t\t<div class=\"elementor-container elementor-column-gap-default\">\n\t\t\t\t\t<div class=\"elementor-column elementor-col-100 elementor-inner-column elementor-element elementor-element-44a47e27\" data-id=\"44a47e27\" data-element_type=\"column\">\n\t\t\t<div class=\"elementor-widget-wrap elementor-element-populated\">\n\t\t\t\t\t\t<div class=\"elementor-element elementor-element-667e45d7 animated-slow elementor-invisible elementor-widget elementor-widget-image\" data-id=\"667e45d7\" data-element_type=\"widget\" data-settings=\"{&quot;_animation&quot;:&quot;fadeInUp&quot;}\" data-widget_type=\"image.default\">\n\t\t\t\t<div class=\"elementor-widget-container\">\n\t\t\t\t\t\t\t\t\t\t\t\t\t\t\t<img fetchpriority=\"high\" decoding=\"async\" width=\"1024\" height=\"683\" src=\"https:\/\/arbeitsmedizin-hall.at\/wp-content\/uploads\/2025\/10\/AMZ-Gruppenfotos-Fotografin-Christina-Gaio-07.Oktober2025-164649.jpg\" class=\"attachment-full size-full wp-image-960\" alt=\"\" srcset=\"https:\/\/arbeitsmedizin-hall.at\/wp-content\/uploads\/2025\/10\/AMZ-Gruppenfotos-Fotografin-Christina-Gaio-07.Oktober2025-164649.jpg 1024w, https:\/\/arbeitsmedizin-hall.at\/wp-content\/uploads\/2025\/10\/AMZ-Gruppenfotos-Fotografin-Christina-Gaio-07.Oktober2025-164649-300x200.jpg 300w, https:\/\/arbeitsmedizin-hall.at\/wp-content\/uploads\/2025\/10\/AMZ-Gruppenfotos-Fotografin-Christina-Gaio-07.Oktober2025-164649-768x512.jpg 768w\" sizes=\"(max-width: 1024px) 100vw, 1024px\" \/>\t\t\t\t\t\t\t\t\t\t\t\t\t\t\t<\/div>\n\t\t\t\t<\/div>\n\t\t\t\t\t<\/div>\n\t\t<\/div>\n\t\t\t\t\t<\/div>\n\t\t<\/section>\n\t\t\t\t\t<\/div>\n\t\t<\/div>\n\t\t\t\t\t<\/div>\n\t\t<\/section>\n\t\t\t\t<section class=\"elementor-section elementor-top-section elementor-element elementor-element-2b57912f elementor-section-boxed elementor-section-height-default elementor-section-height-default\" data-id=\"2b57912f\" data-element_type=\"section\" data-settings=\"{&quot;background_background&quot;:&quot;classic&quot;}\">\n\t\t\t\t\t\t<div class=\"elementor-container elementor-column-gap-default\">\n\t\t\t\t\t<div class=\"elementor-column elementor-col-50 elementor-top-column elementor-element elementor-element-743d0417\" data-id=\"743d0417\" data-element_type=\"column\">\n\t\t\t<div class=\"elementor-widget-wrap elementor-element-populated\">\n\t\t\t\t\t\t<div class=\"elementor-element elementor-element-4947d8db elementor-widget elementor-widget-heading\" data-id=\"4947d8db\" data-element_type=\"widget\" data-widget_type=\"heading.default\">\n\t\t\t\t<div class=\"elementor-widget-container\">\n\t\t\t\t\t<p class=\"elementor-heading-title elementor-size-default\">vision &amp; mission<\/p>\t\t\t\t<\/div>\n\t\t\t\t<\/div>\n\t\t\t\t<div class=\"elementor-element elementor-element-67c536d3 elementor-widget__width-initial elementor-widget elementor-widget-heading\" data-id=\"67c536d3\" data-element_type=\"widget\" data-widget_type=\"heading.default\">\n\t\t\t\t<div class=\"elementor-widget-container\">\n\t\t\t\t\t<h2 class=\"elementor-heading-title elementor-size-default\">Gesundheit aus einer Hand\n<\/h2>\t\t\t\t<\/div>\n\t\t\t\t<\/div>\n\t\t\t\t<div class=\"elementor-element elementor-element-66817aa0 elementor-widget elementor-widget-text-editor\" data-id=\"66817aa0\" data-element_type=\"widget\" data-widget_type=\"text-editor.default\">\n\t\t\t\t<div class=\"elementor-widget-container\">\n\t\t\t\t\t\t\t\t\t<p>Wir sind Ihr Partner f\u00fcr betriebliche Vorsorge, Gesundheit und Sicherheit. Mit unserem Team aus ExpertInnen begleiten wir Unternehmen ganzheitlich \u2013 kompetent, praxisnah und immer mit Blick auf den Menschen.<\/p>\t\t\t\t\t\t\t\t<\/div>\n\t\t\t\t<\/div>\n\t\t\t\t\t<\/div>\n\t\t<\/div>\n\t\t\t\t<div class=\"elementor-column elementor-col-50 elementor-top-column elementor-element elementor-element-3fbc83c6\" data-id=\"3fbc83c6\" data-element_type=\"column\">\n\t\t\t<div class=\"elementor-widget-wrap elementor-element-populated\">\n\t\t\t\t\t\t<section class=\"elementor-section elementor-inner-section elementor-element elementor-element-59201f8a elementor-section-boxed elementor-section-height-default elementor-section-height-default\" data-id=\"59201f8a\" data-element_type=\"section\">\n\t\t\t\t\t\t<div class=\"elementor-container elementor-column-gap-default\">\n\t\t\t\t\t<div class=\"elementor-column elementor-col-50 elementor-inner-column elementor-element elementor-element-712c01d9\" data-id=\"712c01d9\" data-element_type=\"column\">\n\t\t\t<div class=\"elementor-widget-wrap elementor-element-populated\">\n\t\t\t\t\t\t<div class=\"elementor-element elementor-element-3480d958 elementor-view-stacked elementor-shape-circle elementor-position-block-start elementor-mobile-position-block-start elementor-widget elementor-widget-icon-box\" data-id=\"3480d958\" data-element_type=\"widget\" data-widget_type=\"icon-box.default\">\n\t\t\t\t<div class=\"elementor-widget-container\">\n\t\t\t\t\t\t\t<div class=\"elementor-icon-box-wrapper\">\n\n\t\t\t\t\t\t<div class=\"elementor-icon-box-icon\">\n\t\t\t\t<span  class=\"elementor-icon\">\n\t\t\t\t<i aria-hidden=\"true\" class=\"icon icon-eye1\"><\/i>\t\t\t\t<\/span>\n\t\t\t<\/div>\n\t\t\t\n\t\t\t\t\t\t<div class=\"elementor-icon-box-content\">\n\n\t\t\t\t\t\t\t\t\t<h4 class=\"elementor-icon-box-title\">\n\t\t\t\t\t\t<span  >\n\t\t\t\t\t\t\tVision\t\t\t\t\t\t<\/span>\n\t\t\t\t\t<\/h4>\n\t\t\t\t\n\t\t\t\t\t\t\t\t\t<p class=\"elementor-icon-box-description\">\n\t\t\t\t\t\tEin gesundes und sicheres Arbeitsumfeld f\u00fcr alle Mitarbeiterinnen und Mitarbeiter.\n\t\t\t\t\t<\/p>\n\t\t\t\t\n\t\t\t<\/div>\n\t\t\t\n\t\t<\/div>\n\t\t\t\t\t\t<\/div>\n\t\t\t\t<\/div>\n\t\t\t\t\t<\/div>\n\t\t<\/div>\n\t\t\t\t<div class=\"elementor-column elementor-col-50 elementor-inner-column elementor-element elementor-element-73c19f02\" data-id=\"73c19f02\" data-element_type=\"column\">\n\t\t\t<div class=\"elementor-widget-wrap elementor-element-populated\">\n\t\t\t\t\t\t<div class=\"elementor-element elementor-element-2e218d5f elementor-view-stacked elementor-shape-circle elementor-position-block-start elementor-mobile-position-block-start elementor-widget elementor-widget-icon-box\" data-id=\"2e218d5f\" data-element_type=\"widget\" data-widget_type=\"icon-box.default\">\n\t\t\t\t<div class=\"elementor-widget-container\">\n\t\t\t\t\t\t\t<div class=\"elementor-icon-box-wrapper\">\n\n\t\t\t\t\t\t<div class=\"elementor-icon-box-icon\">\n\t\t\t\t<span  class=\"elementor-icon\">\n\t\t\t\t<i aria-hidden=\"true\" class=\"icon icon-flag\"><\/i>\t\t\t\t<\/span>\n\t\t\t<\/div>\n\t\t\t\n\t\t\t\t\t\t<div class=\"elementor-icon-box-content\">\n\n\t\t\t\t\t\t\t\t\t<h4 class=\"elementor-icon-box-title\">\n\t\t\t\t\t\t<span  >\n\t\t\t\t\t\t\tMission\t\t\t\t\t\t<\/span>\n\t\t\t\t\t<\/h4>\n\t\t\t\t\n\t\t\t\t\t\t\t\t\t<p class=\"elementor-icon-box-description\">\n\t\t\t\t\t\tWir unterst\u00fctzen Betriebe mit ma\u00dfgeschneiderten L\u00f6sungen aus Medizin, Psychologie und Sicherheit.\t\t\t\t\t<\/p>\n\t\t\t\t\n\t\t\t<\/div>\n\t\t\t\n\t\t<\/div>\n\t\t\t\t\t\t<\/div>\n\t\t\t\t<\/div>\n\t\t\t\t\t<\/div>\n\t\t<\/div>\n\t\t\t\t\t<\/div>\n\t\t<\/section>\n\t\t\t\t\t<\/div>\n\t\t<\/div>\n\t\t\t\t\t<\/div>\n\t\t<\/section>\n\t\t<div class=\"elementor-element elementor-element-7c76d05 e-flex e-con-boxed e-con e-parent\" data-id=\"7c76d05\" data-element_type=\"container\" id=\"leitbild\">\n\t\t\t\t\t<div class=\"e-con-inner\">\n\t\t\t\t<div class=\"elementor-element elementor-element-9d3c703 elementor-widget elementor-widget-heading\" data-id=\"9d3c703\" data-element_type=\"widget\" data-widget_type=\"heading.default\">\n\t\t\t\t<div class=\"elementor-widget-container\">\n\t\t\t\t\t<h2 class=\"elementor-heading-title elementor-size-default\">UNSER LEITBILD<\/h2>\t\t\t\t<\/div>\n\t\t\t\t<\/div>\n\t\t\t\t<div class=\"elementor-element elementor-element-5e9bed4 elementor-widget elementor-widget-image\" data-id=\"5e9bed4\" data-element_type=\"widget\" data-widget_type=\"image.default\">\n\t\t\t\t<div class=\"elementor-widget-container\">\n\t\t\t\t\t\t\t\t\t\t\t\t\t\t\t<img decoding=\"async\" width=\"800\" height=\"725\" src=\"https:\/\/arbeitsmedizin-hall.at\/wp-content\/uploads\/2025\/08\/AMZ_LEITBILD-1024x928.png\" class=\"attachment-large size-large wp-image-307\" alt=\"\" srcset=\"https:\/\/arbeitsmedizin-hall.at\/wp-content\/uploads\/2025\/08\/AMZ_LEITBILD-1024x928.png 1024w, https:\/\/arbeitsmedizin-hall.at\/wp-content\/uploads\/2025\/08\/AMZ_LEITBILD-300x272.png 300w, https:\/\/arbeitsmedizin-hall.at\/wp-content\/uploads\/2025\/08\/AMZ_LEITBILD-768x696.png 768w, https:\/\/arbeitsmedizin-hall.at\/wp-content\/uploads\/2025\/08\/AMZ_LEITBILD-1536x1391.png 1536w, https:\/\/arbeitsmedizin-hall.at\/wp-content\/uploads\/2025\/08\/AMZ_LEITBILD.png 1806w\" sizes=\"(max-width: 800px) 100vw, 800px\" \/>\t\t\t\t\t\t\t\t\t\t\t\t\t\t\t<\/div>\n\t\t\t\t<\/div>\n\t\t\t\t\t<\/div>\n\t\t\t\t<\/div>\n\t\t\t\t<\/div>\n\t\t","protected":false},"excerpt":{"rendered":"<p>\u00dcBER UNS WILLKOMMEN IM ARBEITSMEDIZINISCHEN ZENTRUM HALL IN TIROL KOMPETENZ UND MEHRWERT Das AMZ Hall in Tirol ist Ihr kompetenter Partner in allen Belangen der Gesundheit am Arbeitsplatz. Mit uns k\u00f6nnen gro\u00dfe und kleine Betriebe ihre gesetzlichen Pflichten wahrnehmen. Unsere Services schaffen Mehrwert, von dem das ganze Unternehmen profitiert. Das AMZ Hall bietet alles aus [&hellip;]<\/p>\n","protected":false},"author":1,"featured_media":0,"parent":0,"menu_order":0,"comment_status":"closed","ping_status":"closed","template":"elementor_header_footer","meta":{"footnotes":""},"class_list":["post-120","page","type-page","status-publish","hentry"],"yoast_head":"<!-- This site is optimized with the Yoast SEO plugin v26.8 - https:\/\/yoast.com\/product\/yoast-seo-wordpress\/ -->\n<title>\u00dcBER UNS - Arbeitsmedizinisches Zentrum Hall in Tirol<\/title>\n<meta name=\"robots\" content=\"index, follow, max-snippet:-1, max-image-preview:large, max-video-preview:-1\" \/>\n<link rel=\"canonical\" href=\"https:\/\/arbeitsmedizin-hall.at\/index.php\/ueber-uns\/\" \/>\n<meta property=\"og:locale\" content=\"de_DE\" \/>\n<meta property=\"og:type\" content=\"article\" \/>\n<meta property=\"og:title\" content=\"\u00dcBER UNS - Arbeitsmedizinisches Zentrum Hall in Tirol\" \/>\n<meta property=\"og:description\" content=\"\u00dcBER UNS WILLKOMMEN IM ARBEITSMEDIZINISCHEN ZENTRUM HALL IN TIROL KOMPETENZ UND MEHRWERT Das AMZ Hall in Tirol ist Ihr kompetenter Partner in allen Belangen der Gesundheit am Arbeitsplatz. Mit uns k\u00f6nnen gro\u00dfe und kleine Betriebe ihre gesetzlichen Pflichten wahrnehmen. Unsere Services schaffen Mehrwert, von dem das ganze Unternehmen profitiert. Das AMZ Hall bietet alles aus [&hellip;]\" \/>\n<meta property=\"og:url\" content=\"https:\/\/arbeitsmedizin-hall.at\/index.php\/ueber-uns\/\" \/>\n<meta property=\"og:site_name\" content=\"Arbeitsmedizinisches Zentrum Hall in Tirol\" \/>\n<meta property=\"article:modified_time\" content=\"2025-11-18T10:16:07+00:00\" \/>\n<meta property=\"og:image\" content=\"https:\/\/arbeitsmedizin-hall.at\/wp-content\/uploads\/2025\/10\/AMZ-Gruppenfotos-Fotografin-Christina-Gaio-07.Oktober2025-164649.jpg\" \/>\n<meta name=\"twitter:card\" content=\"summary_large_image\" \/>\n<meta name=\"twitter:label1\" content=\"Gesch\u00e4tzte Lesezeit\" \/>\n\t<meta name=\"twitter:data1\" content=\"1 Minute\" \/>\n<script type=\"application\/ld+json\" class=\"yoast-schema-graph\">{\"@context\":\"https:\/\/schema.org\",\"@graph\":[{\"@type\":\"WebPage\",\"@id\":\"https:\/\/arbeitsmedizin-hall.at\/index.php\/ueber-uns\/\",\"url\":\"https:\/\/arbeitsmedizin-hall.at\/index.php\/ueber-uns\/\",\"name\":\"\u00dcBER UNS - Arbeitsmedizinisches Zentrum Hall in Tirol\",\"isPartOf\":{\"@id\":\"https:\/\/arbeitsmedizin-hall.at\/#website\"},\"primaryImageOfPage\":{\"@id\":\"https:\/\/arbeitsmedizin-hall.at\/index.php\/ueber-uns\/#primaryimage\"},\"image\":{\"@id\":\"https:\/\/arbeitsmedizin-hall.at\/index.php\/ueber-uns\/#primaryimage\"},\"thumbnailUrl\":\"https:\/\/arbeitsmedizin-hall.at\/wp-content\/uploads\/2025\/10\/AMZ-Gruppenfotos-Fotografin-Christina-Gaio-07.Oktober2025-164649.jpg\",\"datePublished\":\"2025-08-11T07:30:44+00:00\",\"dateModified\":\"2025-11-18T10:16:07+00:00\",\"breadcrumb\":{\"@id\":\"https:\/\/arbeitsmedizin-hall.at\/index.php\/ueber-uns\/#breadcrumb\"},\"inLanguage\":\"de-AT\",\"potentialAction\":[{\"@type\":\"ReadAction\",\"target\":[\"https:\/\/arbeitsmedizin-hall.at\/index.php\/ueber-uns\/\"]}]},{\"@type\":\"ImageObject\",\"inLanguage\":\"de-AT\",\"@id\":\"https:\/\/arbeitsmedizin-hall.at\/index.php\/ueber-uns\/#primaryimage\",\"url\":\"https:\/\/arbeitsmedizin-hall.at\/wp-content\/uploads\/2025\/10\/AMZ-Gruppenfotos-Fotografin-Christina-Gaio-07.Oktober2025-164649.jpg\",\"contentUrl\":\"https:\/\/arbeitsmedizin-hall.at\/wp-content\/uploads\/2025\/10\/AMZ-Gruppenfotos-Fotografin-Christina-Gaio-07.Oktober2025-164649.jpg\",\"width\":1024,\"height\":683},{\"@type\":\"BreadcrumbList\",\"@id\":\"https:\/\/arbeitsmedizin-hall.at\/index.php\/ueber-uns\/#breadcrumb\",\"itemListElement\":[{\"@type\":\"ListItem\",\"position\":1,\"name\":\"Startseite\",\"item\":\"https:\/\/arbeitsmedizin-hall.at\/\"},{\"@type\":\"ListItem\",\"position\":2,\"name\":\"\u00dcBER UNS\"}]},{\"@type\":\"WebSite\",\"@id\":\"https:\/\/arbeitsmedizin-hall.at\/#website\",\"url\":\"https:\/\/arbeitsmedizin-hall.at\/\",\"name\":\"Arbeitsmedizinisches Zentrum Hall in Tirol\",\"description\":\"\",\"publisher\":{\"@id\":\"https:\/\/arbeitsmedizin-hall.at\/#organization\"},\"potentialAction\":[{\"@type\":\"SearchAction\",\"target\":{\"@type\":\"EntryPoint\",\"urlTemplate\":\"https:\/\/arbeitsmedizin-hall.at\/?s={search_term_string}\"},\"query-input\":{\"@type\":\"PropertyValueSpecification\",\"valueRequired\":true,\"valueName\":\"search_term_string\"}}],\"inLanguage\":\"de-AT\"},{\"@type\":\"Organization\",\"@id\":\"https:\/\/arbeitsmedizin-hall.at\/#organization\",\"name\":\"Arbeitsmedizinisches Zentrum Hall in Tirol\",\"url\":\"https:\/\/arbeitsmedizin-hall.at\/\",\"logo\":{\"@type\":\"ImageObject\",\"inLanguage\":\"de-AT\",\"@id\":\"https:\/\/arbeitsmedizin-hall.at\/#\/schema\/logo\/image\/\",\"url\":\"https:\/\/arbeitsmedizin-hall.at\/wp-content\/uploads\/2025\/03\/2025_amz_logo-1.png\",\"contentUrl\":\"https:\/\/arbeitsmedizin-hall.at\/wp-content\/uploads\/2025\/03\/2025_amz_logo-1.png\",\"width\":842,\"height\":287,\"caption\":\"Arbeitsmedizinisches Zentrum Hall in Tirol\"},\"image\":{\"@id\":\"https:\/\/arbeitsmedizin-hall.at\/#\/schema\/logo\/image\/\"}}]}<\/script>\n<!-- \/ Yoast SEO plugin. -->","yoast_head_json":{"title":"\u00dcBER UNS - Arbeitsmedizinisches Zentrum Hall in Tirol","robots":{"index":"index","follow":"follow","max-snippet":"max-snippet:-1","max-image-preview":"max-image-preview:large","max-video-preview":"max-video-preview:-1"},"canonical":"https:\/\/arbeitsmedizin-hall.at\/index.php\/ueber-uns\/","og_locale":"de_DE","og_type":"article","og_title":"\u00dcBER UNS - Arbeitsmedizinisches Zentrum Hall in Tirol","og_description":"\u00dcBER UNS WILLKOMMEN IM ARBEITSMEDIZINISCHEN ZENTRUM HALL IN TIROL KOMPETENZ UND MEHRWERT Das AMZ Hall in Tirol ist Ihr kompetenter Partner in allen Belangen der Gesundheit am Arbeitsplatz. Mit uns k\u00f6nnen gro\u00dfe und kleine Betriebe ihre gesetzlichen Pflichten wahrnehmen. Unsere Services schaffen Mehrwert, von dem das ganze Unternehmen profitiert. Das AMZ Hall bietet alles aus [&hellip;]","og_url":"https:\/\/arbeitsmedizin-hall.at\/index.php\/ueber-uns\/","og_site_name":"Arbeitsmedizinisches Zentrum Hall in Tirol","article_modified_time":"2025-11-18T10:16:07+00:00","og_image":[{"url":"https:\/\/arbeitsmedizin-hall.at\/wp-content\/uploads\/2025\/10\/AMZ-Gruppenfotos-Fotografin-Christina-Gaio-07.Oktober2025-164649.jpg","type":"","width":"","height":""}],"twitter_card":"summary_large_image","twitter_misc":{"Gesch\u00e4tzte Lesezeit":"1 Minute"},"schema":{"@context":"https:\/\/schema.org","@graph":[{"@type":"WebPage","@id":"https:\/\/arbeitsmedizin-hall.at\/index.php\/ueber-uns\/","url":"https:\/\/arbeitsmedizin-hall.at\/index.php\/ueber-uns\/","name":"\u00dcBER UNS - Arbeitsmedizinisches Zentrum Hall in Tirol","isPartOf":{"@id":"https:\/\/arbeitsmedizin-hall.at\/#website"},"primaryImageOfPage":{"@id":"https:\/\/arbeitsmedizin-hall.at\/index.php\/ueber-uns\/#primaryimage"},"image":{"@id":"https:\/\/arbeitsmedizin-hall.at\/index.php\/ueber-uns\/#primaryimage"},"thumbnailUrl":"https:\/\/arbeitsmedizin-hall.at\/wp-content\/uploads\/2025\/10\/AMZ-Gruppenfotos-Fotografin-Christina-Gaio-07.Oktober2025-164649.jpg","datePublished":"2025-08-11T07:30:44+00:00","dateModified":"2025-11-18T10:16:07+00:00","breadcrumb":{"@id":"https:\/\/arbeitsmedizin-hall.at\/index.php\/ueber-uns\/#breadcrumb"},"inLanguage":"de-AT","potentialAction":[{"@type":"ReadAction","target":["https:\/\/arbeitsmedizin-hall.at\/index.php\/ueber-uns\/"]}]},{"@type":"ImageObject","inLanguage":"de-AT","@id":"https:\/\/arbeitsmedizin-hall.at\/index.php\/ueber-uns\/#primaryimage","url":"https:\/\/arbeitsmedizin-hall.at\/wp-content\/uploads\/2025\/10\/AMZ-Gruppenfotos-Fotografin-Christina-Gaio-07.Oktober2025-164649.jpg","contentUrl":"https:\/\/arbeitsmedizin-hall.at\/wp-content\/uploads\/2025\/10\/AMZ-Gruppenfotos-Fotografin-Christina-Gaio-07.Oktober2025-164649.jpg","width":1024,"height":683},{"@type":"BreadcrumbList","@id":"https:\/\/arbeitsmedizin-hall.at\/index.php\/ueber-uns\/#breadcrumb","itemListElement":[{"@type":"ListItem","position":1,"name":"Startseite","item":"https:\/\/arbeitsmedizin-hall.at\/"},{"@type":"ListItem","position":2,"name":"\u00dcBER UNS"}]},{"@type":"WebSite","@id":"https:\/\/arbeitsmedizin-hall.at\/#website","url":"https:\/\/arbeitsmedizin-hall.at\/","name":"Arbeitsmedizinisches Zentrum Hall in Tirol","description":"","publisher":{"@id":"https:\/\/arbeitsmedizin-hall.at\/#organization"},"potentialAction":[{"@type":"SearchAction","target":{"@type":"EntryPoint","urlTemplate":"https:\/\/arbeitsmedizin-hall.at\/?s={search_term_string}"},"query-input":{"@type":"PropertyValueSpecification","valueRequired":true,"valueName":"search_term_string"}}],"inLanguage":"de-AT"},{"@type":"Organization","@id":"https:\/\/arbeitsmedizin-hall.at\/#organization","name":"Arbeitsmedizinisches Zentrum Hall in Tirol","url":"https:\/\/arbeitsmedizin-hall.at\/","logo":{"@type":"ImageObject","inLanguage":"de-AT","@id":"https:\/\/arbeitsmedizin-hall.at\/#\/schema\/logo\/image\/","url":"https:\/\/arbeitsmedizin-hall.at\/wp-content\/uploads\/2025\/03\/2025_amz_logo-1.png","contentUrl":"https:\/\/arbeitsmedizin-hall.at\/wp-content\/uploads\/2025\/03\/2025_amz_logo-1.png","width":842,"height":287,"caption":"Arbeitsmedizinisches Zentrum Hall in Tirol"},"image":{"@id":"https:\/\/arbeitsmedizin-hall.at\/#\/schema\/logo\/image\/"}}]}},"_links":{"self":[{"href":"https:\/\/arbeitsmedizin-hall.at\/index.php\/wp-json\/wp\/v2\/pages\/120","targetHints":{"allow":["GET"]}}],"collection":[{"href":"https:\/\/arbeitsmedizin-hall.at\/index.php\/wp-json\/wp\/v2\/pages"}],"about":[{"href":"https:\/\/arbeitsmedizin-hall.at\/index.php\/wp-json\/wp\/v2\/types\/page"}],"author":[{"embeddable":true,"href":"https:\/\/arbeitsmedizin-hall.at\/index.php\/wp-json\/wp\/v2\/users\/1"}],"replies":[{"embeddable":true,"href":"https:\/\/arbeitsmedizin-hall.at\/index.php\/wp-json\/wp\/v2\/comments?post=120"}],"version-history":[{"count":0,"href":"https:\/\/arbeitsmedizin-hall.at\/index.php\/wp-json\/wp\/v2\/pages\/120\/revisions"}],"wp:attachment":[{"href":"https:\/\/arbeitsmedizin-hall.at\/index.php\/wp-json\/wp\/v2\/media?parent=120"}],"curies":[{"name":"wp","href":"https:\/\/api.w.org\/{rel}","templated":true}]}}